{"id":139,"date":"2022-01-05T07:56:48","date_gmt":"2022-01-05T06:56:48","guid":{"rendered":"http:\/\/studiocreamine.fr\/?page_id=139"},"modified":"2022-03-08T16:28:34","modified_gmt":"2022-03-08T15:28:34","slug":"habillage-vehicules","status":"publish","type":"page","link":"https:\/\/studiocreamine.fr\/index.php\/habillage-vehicules\/","title":{"rendered":"Habillage v\u00e9hicules"},"content":{"rendered":"<p>[et_pb_section fb_built=&#8221;1&#8243; _builder_version=&#8221;4.14.7&#8243; _module_preset=&#8221;default&#8221; custom_margin=&#8221;||0px||false|false&#8221; custom_padding=&#8221;||0px||false|false&#8221; global_colors_info=&#8221;{}&#8221;][et_pb_row _builder_version=&#8221;4.14.7&#8243; _module_preset=&#8221;default&#8221; min_height=&#8221;64px&#8221; global_colors_info=&#8221;{}&#8221;][et_pb_column type=&#8221;4_4&#8243; _builder_version=&#8221;4.14.7&#8243; _module_preset=&#8221;default&#8221; global_colors_info=&#8221;{}&#8221;][et_pb_text _builder_version=&#8221;4.14.7&#8243; _module_preset=&#8221;default&#8221; header_font=&#8221;Quicksand|700|||||||&#8221; header_text_color=&#8221;#f28230&#8243; header_font_size=&#8221;31px&#8221; global_colors_info=&#8221;{}&#8221;]<\/p>\n<h1>Habillage v\u00e9hicules<\/h1>\n<p>[\/et_pb_text][\/et_pb_column][\/et_pb_row][et_pb_row _builder_version=&#8221;4.14.7&#8243; _module_preset=&#8221;default&#8221; min_height=&#8221;66px&#8221; custom_margin=&#8221;0px||0px||false|false&#8221; custom_padding=&#8221;0px||0px||false|false&#8221; global_colors_info=&#8221;{}&#8221;][et_pb_column type=&#8221;4_4&#8243; _builder_version=&#8221;4.14.7&#8243; _module_preset=&#8221;default&#8221; global_colors_info=&#8221;{}&#8221;][et_pb_text _builder_version=&#8221;4.14.8&#8243; _module_preset=&#8221;default&#8221; header_4_font=&#8221;Quicksand||||||||&#8221; header_4_text_color=&#8221;#838487&#8243; header_4_font_size=&#8221;22px&#8221; header_4_line_height=&#8221;1.3em&#8221; scroll_horizontal_motion=&#8221;0|75|75|100|4|0|-4&#8243; global_colors_info=&#8221;{}&#8221;]<\/p>\n<h4><b>Cr\u00e9ation visuel\u00a0<\/b><span style=\"font-size: 22px;\">avec photomontage (plusieurs propositions)<\/span><\/h4>\n<h4><b>D\u00e9coupe formes et lettrages<\/b> dans vinyle polym\u00e8re adh\u00e9sif teint\u00e9 dans la masse &#8211; Echenillage et mise sous film transfert &#8211; Pose pr\u00e9cise d\u2019apr\u00e8s rep\u00e8res de pose (technique utilis\u00e9e pour SAS le Petit Plombier, PLR d\u00e9m\u00e9nagement,&#8230;)<\/h4>\n<h4><b><\/b><\/h4>\n<h4><b>Impression sur vinyle polym\u00e8re adh\u00e9sif blanc<\/b>, plastifi\u00e9 anti UV<span class=\"Apple-converted-space\">\u00a0<\/span><\/h4>\n<h4>Avec d\u00e9coupe \u00e0 la forme, selon trac\u00e9 vectoriel\u00a0(exemple pour SIDESUP, les cars CROSNIER,&#8230;)<span class=\"Apple-converted-space\">\u00a0<\/span><\/h4>\n<h4>Avec d\u00e9coupe selon gabarit carrosserie<span class=\"Apple-converted-space\">\u00a0<\/span>(exemple Les Ateliers R\u00e9my, Restaurant Le Shalimar)<\/h4>\n<h4><b><\/b><\/h4>\n<h4><b>Impression sur vinyle polym\u00e8re adh\u00e9sif micro-perfor\u00e9<\/b>, plastifi\u00e9 anti UV pour vitre arri\u00e8re avec pose en ext\u00e9rieur (exemple pour Destock Pi\u00e8ces Auto, Infini Tao Pao,&#8230;)<\/h4>\n<h4><\/h4>\n<h4><b>Pose sur vitre et carrosserie<\/b> (hors pose de vinyle coul\u00e9 pour covering)<span class=\"Apple-converted-space\">\u00a0<\/span><\/h4>\n<h4><\/h4>\n<h4>Et aussi, <b>r\u00e9alisation de plaques magn\u00e9tiques<\/b> avec visuel cr\u00e9\u00e9, imprim\u00e9, plastifi\u00e9 et contrecoll\u00e9<\/h4>\n<p>[\/et_pb_text][\/et_pb_column][\/et_pb_row][\/et_pb_section][et_pb_section fb_built=&#8221;1&#8243; _builder_version=&#8221;4.14.7&#8243; _module_preset=&#8221;default&#8221; custom_margin=&#8221;0px||||false|false&#8221; custom_padding=&#8221;10px||||false|false&#8221; global_colors_info=&#8221;{}&#8221;][et_pb_row make_equal=&#8221;on&#8221; _builder_version=&#8221;4.14.7&#8243; _module_preset=&#8221;default&#8221; min_height=&#8221;479px&#8221; global_colors_info=&#8221;{}&#8221;][et_pb_column type=&#8221;4_4&#8243; _builder_version=&#8221;4.14.7&#8243; _module_preset=&#8221;default&#8221; global_colors_info=&#8221;{}&#8221;][dsm_image_carousel gallery_ids=&#8221;1778,1779,1780,1781,1782,1783,1784,1785,1786,1787,1788,1789,1790,1791,1792,1903,1794,1795,1796,1797,1798,1799,1800,1801,1802,1803,1804,1805,1806,1807,1808,1809,1810,1811,1812,1813,1814,1815,1816,1817,1818,1819,1820,1821,1822,1823,1824,1825&#8243; slide_to_show=&#8221;1&#8243; speed=&#8221;681&#8243; autoplay=&#8221;off&#8221; space_between=&#8221;100&#8243; infinite=&#8221;off&#8221; grab=&#8221;off&#8221; arrow_color=&#8221;#000000&#8243; arrow_background_color=&#8221;#FFFFFF&#8221; _builder_version=&#8221;4.14.8&#8243; _module_preset=&#8221;default&#8221; custom_padding=&#8221;17px||17px||false|false&#8221; hover_enabled=&#8221;0&#8243; global_colors_info=&#8221;{}&#8221; sticky_enabled=&#8221;0&#8243;][\/dsm_image_carousel][\/et_pb_column][\/et_pb_row][\/et_pb_section]<\/p>\n","protected":false},"excerpt":{"rendered":"<p>Habillage v\u00e9hiculesCr\u00e9ation visuel\u00a0avec photomontage (plusieurs propositions) D\u00e9coupe formes et lettrages dans vinyle polym\u00e8re adh\u00e9sif teint\u00e9 dans la masse &#8211; Echenillage et mise sous film transfert &#8211; Pose pr\u00e9cise d\u2019apr\u00e8s rep\u00e8res de pose (technique utilis\u00e9e pour SAS le Petit Plombier, PLR d\u00e9m\u00e9nagement,&#8230;) Impression sur vinyle polym\u00e8re adh\u00e9sif blanc, plastifi\u00e9 anti UV\u00a0 Avec d\u00e9coupe \u00e0 la forme, [&hellip;]<\/p>\n","protected":false},"author":1,"featured_media":0,"parent":0,"menu_order":0,"comment_status":"closed","ping_status":"closed","template":"","meta":{"_et_pb_use_builder":"on","_et_pb_old_content":"","_et_gb_content_width":""},"yoast_head":"<!-- This site is optimized with the Yoast SEO plugin v18.8 - https:\/\/yoast.com\/wordpress\/plugins\/seo\/ -->\n<title>Habillage v\u00e9hicules - Studio Cr\u00e9amine<\/title>\n<meta name=\"robots\" content=\"index, follow, max-snippet:-1, max-image-preview:large, max-video-preview:-1\" \/>\n<link rel=\"canonical\" href=\"http:\/\/studiocreamine.fr\/index.php\/habillage-vehicules\/\" \/>\n<meta property=\"og:locale\" content=\"fr_FR\" \/>\n<meta property=\"og:type\" content=\"article\" \/>\n<meta property=\"og:title\" content=\"Habillage v\u00e9hicules - Studio Cr\u00e9amine\" \/>\n<meta property=\"og:description\" content=\"Identit\u00e9 visuelleLe Studio Cr\u00e9amine est sp\u00e9cialis\u00e9 en cr\u00e9ation de logo. 20 ans d&#039;exp\u00e9rience et de passion. Cr\u00e9ation Identit\u00e9 visuelle vectorielle avec pr\u00e9sentation diff\u00e9rents axes de recherche. Logo nom commercial, cr\u00e9ation d&#039;entreprise \/ Relooking de logo Marques pour lancement de produits \/ Logo visuel \u00e9v\u00e8nement\" \/>\n<meta property=\"og:url\" content=\"http:\/\/studiocreamine.fr\/index.php\/habillage-vehicules\/\" \/>\n<meta property=\"og:site_name\" content=\"Studio Cr\u00e9amine\" \/>\n<meta property=\"article:modified_time\" content=\"2022-03-08T15:28:34+00:00\" \/>\n<meta name=\"twitter:card\" content=\"summary_large_image\" \/>\n<meta name=\"twitter:label1\" content=\"Dur\u00e9e de lecture estim\u00e9e\" \/>\n\t<meta name=\"twitter:data1\" content=\"2 minutes\" \/>\n<script type=\"application\/ld+json\" class=\"yoast-schema-graph\">{\"@context\":\"https:\/\/schema.org\",\"@graph\":[{\"@type\":\"Organization\",\"@id\":\"https:\/\/studiocreamine.fr\/#organization\",\"name\":\"Studio Cr\u00e9amine\",\"url\":\"https:\/\/studiocreamine.fr\/\",\"sameAs\":[],\"logo\":{\"@type\":\"ImageObject\",\"inLanguage\":\"fr-FR\",\"@id\":\"https:\/\/studiocreamine.fr\/#\/schema\/logo\/image\/\",\"url\":\"http:\/\/studiocreamine.fr\/wp-content\/uploads\/2022\/01\/logo-CREAMINE-site.png\",\"contentUrl\":\"http:\/\/studiocreamine.fr\/wp-content\/uploads\/2022\/01\/logo-CREAMINE-site.png\",\"width\":1851,\"height\":1337,\"caption\":\"Studio Cr\u00e9amine\"},\"image\":{\"@id\":\"https:\/\/studiocreamine.fr\/#\/schema\/logo\/image\/\"}},{\"@type\":\"WebSite\",\"@id\":\"https:\/\/studiocreamine.fr\/#website\",\"url\":\"https:\/\/studiocreamine.fr\/\",\"name\":\"Studio Cr\u00e9amine\",\"description\":\"\",\"publisher\":{\"@id\":\"https:\/\/studiocreamine.fr\/#organization\"},\"potentialAction\":[{\"@type\":\"SearchAction\",\"target\":{\"@type\":\"EntryPoint\",\"urlTemplate\":\"https:\/\/studiocreamine.fr\/?s={search_term_string}\"},\"query-input\":\"required name=search_term_string\"}],\"inLanguage\":\"fr-FR\"},{\"@type\":\"WebPage\",\"@id\":\"http:\/\/studiocreamine.fr\/index.php\/habillage-vehicules\/#webpage\",\"url\":\"http:\/\/studiocreamine.fr\/index.php\/habillage-vehicules\/\",\"name\":\"Habillage v\u00e9hicules - Studio Cr\u00e9amine\",\"isPartOf\":{\"@id\":\"https:\/\/studiocreamine.fr\/#website\"},\"datePublished\":\"2022-01-05T06:56:48+00:00\",\"dateModified\":\"2022-03-08T15:28:34+00:00\",\"breadcrumb\":{\"@id\":\"http:\/\/studiocreamine.fr\/index.php\/habillage-vehicules\/#breadcrumb\"},\"inLanguage\":\"fr-FR\",\"potentialAction\":[{\"@type\":\"ReadAction\",\"target\":[\"http:\/\/studiocreamine.fr\/index.php\/habillage-vehicules\/\"]}]},{\"@type\":\"BreadcrumbList\",\"@id\":\"http:\/\/studiocreamine.fr\/index.php\/habillage-vehicules\/#breadcrumb\",\"itemListElement\":[{\"@type\":\"ListItem\",\"position\":1,\"name\":\"Accueil\",\"item\":\"https:\/\/studiocreamine.fr\/\"},{\"@type\":\"ListItem\",\"position\":2,\"name\":\"Habillage v\u00e9hicules\"}]}]}<\/script>\n<!-- \/ Yoast SEO plugin. -->","yoast_head_json":{"title":"Habillage v\u00e9hicules - Studio Cr\u00e9amine","robots":{"index":"index","follow":"follow","max-snippet":"max-snippet:-1","max-image-preview":"max-image-preview:large","max-video-preview":"max-video-preview:-1"},"canonical":"http:\/\/studiocreamine.fr\/index.php\/habillage-vehicules\/","og_locale":"fr_FR","og_type":"article","og_title":"Habillage v\u00e9hicules - Studio Cr\u00e9amine","og_description":"Identit\u00e9 visuelleLe Studio Cr\u00e9amine est sp\u00e9cialis\u00e9 en cr\u00e9ation de logo. 20 ans d'exp\u00e9rience et de passion. Cr\u00e9ation Identit\u00e9 visuelle vectorielle avec pr\u00e9sentation diff\u00e9rents axes de recherche. Logo nom commercial, cr\u00e9ation d'entreprise \/ Relooking de logo Marques pour lancement de produits \/ Logo visuel \u00e9v\u00e8nement","og_url":"http:\/\/studiocreamine.fr\/index.php\/habillage-vehicules\/","og_site_name":"Studio Cr\u00e9amine","article_modified_time":"2022-03-08T15:28:34+00:00","twitter_card":"summary_large_image","twitter_misc":{"Dur\u00e9e de lecture estim\u00e9e":"2 minutes"},"schema":{"@context":"https:\/\/schema.org","@graph":[{"@type":"Organization","@id":"https:\/\/studiocreamine.fr\/#organization","name":"Studio Cr\u00e9amine","url":"https:\/\/studiocreamine.fr\/","sameAs":[],"logo":{"@type":"ImageObject","inLanguage":"fr-FR","@id":"https:\/\/studiocreamine.fr\/#\/schema\/logo\/image\/","url":"http:\/\/studiocreamine.fr\/wp-content\/uploads\/2022\/01\/logo-CREAMINE-site.png","contentUrl":"http:\/\/studiocreamine.fr\/wp-content\/uploads\/2022\/01\/logo-CREAMINE-site.png","width":1851,"height":1337,"caption":"Studio Cr\u00e9amine"},"image":{"@id":"https:\/\/studiocreamine.fr\/#\/schema\/logo\/image\/"}},{"@type":"WebSite","@id":"https:\/\/studiocreamine.fr\/#website","url":"https:\/\/studiocreamine.fr\/","name":"Studio Cr\u00e9amine","description":"","publisher":{"@id":"https:\/\/studiocreamine.fr\/#organization"},"potentialAction":[{"@type":"SearchAction","target":{"@type":"EntryPoint","urlTemplate":"https:\/\/studiocreamine.fr\/?s={search_term_string}"},"query-input":"required name=search_term_string"}],"inLanguage":"fr-FR"},{"@type":"WebPage","@id":"http:\/\/studiocreamine.fr\/index.php\/habillage-vehicules\/#webpage","url":"http:\/\/studiocreamine.fr\/index.php\/habillage-vehicules\/","name":"Habillage v\u00e9hicules - Studio Cr\u00e9amine","isPartOf":{"@id":"https:\/\/studiocreamine.fr\/#website"},"datePublished":"2022-01-05T06:56:48+00:00","dateModified":"2022-03-08T15:28:34+00:00","breadcrumb":{"@id":"http:\/\/studiocreamine.fr\/index.php\/habillage-vehicules\/#breadcrumb"},"inLanguage":"fr-FR","potentialAction":[{"@type":"ReadAction","target":["http:\/\/studiocreamine.fr\/index.php\/habillage-vehicules\/"]}]},{"@type":"BreadcrumbList","@id":"http:\/\/studiocreamine.fr\/index.php\/habillage-vehicules\/#breadcrumb","itemListElement":[{"@type":"ListItem","position":1,"name":"Accueil","item":"https:\/\/studiocreamine.fr\/"},{"@type":"ListItem","position":2,"name":"Habillage v\u00e9hicules"}]}]}},"_links":{"self":[{"href":"https:\/\/studiocreamine.fr\/index.php\/wp-json\/wp\/v2\/pages\/139"}],"collection":[{"href":"https:\/\/studiocreamine.fr\/index.php\/wp-json\/wp\/v2\/pages"}],"about":[{"href":"https:\/\/studiocreamine.fr\/index.php\/wp-json\/wp\/v2\/types\/page"}],"author":[{"embeddable":true,"href":"https:\/\/studiocreamine.fr\/index.php\/wp-json\/wp\/v2\/users\/1"}],"replies":[{"embeddable":true,"href":"https:\/\/studiocreamine.fr\/index.php\/wp-json\/wp\/v2\/comments?post=139"}],"version-history":[{"count":26,"href":"https:\/\/studiocreamine.fr\/index.php\/wp-json\/wp\/v2\/pages\/139\/revisions"}],"predecessor-version":[{"id":2160,"href":"https:\/\/studiocreamine.fr\/index.php\/wp-json\/wp\/v2\/pages\/139\/revisions\/2160"}],"wp:attachment":[{"href":"https:\/\/studiocreamine.fr\/index.php\/wp-json\/wp\/v2\/media?parent=139"}],"curies":[{"name":"wp","href":"https:\/\/api.w.org\/{rel}","templated":true}]}}