{"id":790,"date":"2022-01-27T10:47:13","date_gmt":"2022-01-27T09:47:13","guid":{"rendered":"http:\/\/studiocreamine.fr\/?page_id=790"},"modified":"2022-03-08T16:39:01","modified_gmt":"2022-03-08T15:39:01","slug":"plans-de-situation","status":"publish","type":"page","link":"https:\/\/studiocreamine.fr\/index.php\/plans-de-situation\/","title":{"rendered":"Plans de situation"},"content":{"rendered":"<p>[et_pb_section fb_built=&#8221;1&#8243; _builder_version=&#8221;4.14.7&#8243; _module_preset=&#8221;default&#8221; background_color=&#8221;rgba(131,132,135,0.1)&#8221; global_colors_info=&#8221;{}&#8221;][et_pb_row _builder_version=&#8221;4.14.7&#8243; _module_preset=&#8221;default&#8221; custom_padding=&#8221;||0px||false|false&#8221; global_colors_info=&#8221;{}&#8221;][et_pb_column type=&#8221;4_4&#8243; _builder_version=&#8221;4.14.7&#8243; _module_preset=&#8221;default&#8221; global_colors_info=&#8221;{}&#8221;][et_pb_text _builder_version=&#8221;4.14.7&#8243; _module_preset=&#8221;default&#8221; header_font=&#8221;Quicksand|700|||||||&#8221; header_text_color=&#8221;#f28230&#8243; custom_margin=&#8221;||19px||false|false&#8221; custom_padding=&#8221;0px||0px||false|false&#8221; global_colors_info=&#8221;{}&#8221;]<\/p>\n<h1>Dessin Plans de situation<\/h1>\n<p>[\/et_pb_text][et_pb_text _builder_version=&#8221;4.14.8&#8243; _module_preset=&#8221;default&#8221; header_4_font=&#8221;Quicksand||||||||&#8221; header_4_text_color=&#8221;#474747&#8243; custom_margin=&#8221;0px||||false|false&#8221; custom_padding=&#8221;0px||||false|false&#8221; hover_enabled=&#8221;0&#8243; global_colors_info=&#8221;{}&#8221; header_4_font_size=&#8221;22px&#8221; sticky_enabled=&#8221;0&#8243;]<\/p>\n<h4>Trac\u00e9s vectoriels de l\u2019int\u00e9gralit\u00e9\u2000 &#8211; Mise en couleur, placement sur plan du nom des rues,\u2026<\/h4>\n<h4>Mise en place quadrillage et listing nom des rues &#8211; Gestion impression grands formats<\/h4>\n<p>[\/et_pb_text][et_pb_text _builder_version=&#8221;4.14.7&#8243; _module_preset=&#8221;default&#8221; header_4_font=&#8221;Quicksand||||||||&#8221; header_4_text_color=&#8221;#474747&#8243; header_5_font=&#8221;Quicksand|600|||||||&#8221; custom_margin=&#8221;0px||||false|false&#8221; custom_padding=&#8221;0px||||false|false&#8221; global_colors_info=&#8221;{}&#8221;]<\/p>\n<h5>&gt; COMMUNE DE MARDI\u00c9\u2000 (45)<\/h5>\n<h5>Plans papier pli\u00e9s au format 10&#215;21 cm (format \u00e0 plat 70&#215;49 cm) + Plans pour affichage ext\u00e9rieur (3 grands formats diff\u00e9rents)<\/h5>\n<p>[\/et_pb_text][\/et_pb_column][\/et_pb_row][et_pb_row column_structure=&#8221;1_4,1_4,1_4,1_4&#8243; use_custom_gutter=&#8221;on&#8221; gutter_width=&#8221;2&#8243; make_equal=&#8221;on&#8221; _builder_version=&#8221;4.14.7&#8243; _module_preset=&#8221;default&#8221; custom_padding=&#8221;10px||20px||false|false&#8221; global_colors_info=&#8221;{}&#8221;][et_pb_column type=&#8221;1_4&#8243; _builder_version=&#8221;4.14.7&#8243; _module_preset=&#8221;default&#8221; global_colors_info=&#8221;{}&#8221;][et_pb_image src=&#8221;http:\/\/studiocreamine.fr\/wp-content\/uploads\/2022\/02\/Capture-decran-2022-02-07-a-19.04.02.png&#8221; title_text=&#8221;Capture d\u2019\u00e9cran 2022-02-07 \u00e0 19.04.02&#8243; show_in_lightbox=&#8221;on&#8221; force_fullwidth=&#8221;on&#8221; _builder_version=&#8221;4.14.8&#8243; _module_preset=&#8221;default&#8221; global_colors_info=&#8221;{}&#8221; transform_styles__hover_enabled=&#8221;on|hover&#8221; transform_scale__hover_enabled=&#8221;on|hover&#8221; transform_translate__hover_enabled=&#8221;on|desktop&#8221; transform_rotate__hover_enabled=&#8221;on|desktop&#8221; transform_skew__hover_enabled=&#8221;on|desktop&#8221; transform_origin__hover_enabled=&#8221;on|desktop&#8221; src__hover_enabled=&#8221;off|desktop&#8221;][\/et_pb_image][\/et_pb_column][et_pb_column type=&#8221;1_4&#8243; _builder_version=&#8221;4.14.7&#8243; _module_preset=&#8221;default&#8221; global_colors_info=&#8221;{}&#8221;][et_pb_image src=&#8221;http:\/\/studiocreamine.fr\/wp-content\/uploads\/2022\/02\/mardie-zoom-plan-dessin.png&#8221; title_text=&#8221;mardie zoom plan dessin&#8221; show_in_lightbox=&#8221;on&#8221; _builder_version=&#8221;4.14.8&#8243; _module_preset=&#8221;default&#8221; global_colors_info=&#8221;{}&#8221;][\/et_pb_image][\/et_pb_column][et_pb_column type=&#8221;1_4&#8243; _builder_version=&#8221;4.14.7&#8243; _module_preset=&#8221;default&#8221; global_colors_info=&#8221;{}&#8221;][et_pb_image src=&#8221;http:\/\/studiocreamine.fr\/wp-content\/uploads\/2022\/02\/IMG_8975_2-recadre.png&#8221; title_text=&#8221;IMG_8975_2-recadre&#8221; show_in_lightbox=&#8221;on&#8221; _builder_version=&#8221;4.14.8&#8243; _module_preset=&#8221;default&#8221; global_colors_info=&#8221;{}&#8221;][\/et_pb_image][\/et_pb_column][et_pb_column type=&#8221;1_4&#8243; _builder_version=&#8221;4.14.7&#8243; _module_preset=&#8221;default&#8221; global_colors_info=&#8221;{}&#8221;][et_pb_image src=&#8221;http:\/\/studiocreamine.fr\/wp-content\/uploads\/2022\/02\/IMG_8962.png&#8221; title_text=&#8221;IMG_8962&#8243; show_in_lightbox=&#8221;on&#8221; _builder_version=&#8221;4.14.8&#8243; _module_preset=&#8221;default&#8221; global_colors_info=&#8221;{}&#8221;][\/et_pb_image][\/et_pb_column][\/et_pb_row][et_pb_row _builder_version=&#8221;4.14.7&#8243; _module_preset=&#8221;default&#8221; custom_margin=&#8221;||0px||false|false&#8221; custom_padding=&#8221;||0px||false|false&#8221; global_colors_info=&#8221;{}&#8221;][et_pb_column type=&#8221;4_4&#8243; _builder_version=&#8221;4.14.7&#8243; _module_preset=&#8221;default&#8221; global_colors_info=&#8221;{}&#8221;][et_pb_text _builder_version=&#8221;4.14.7&#8243; _module_preset=&#8221;default&#8221; header_4_font=&#8221;Quicksand||||||||&#8221; header_4_text_color=&#8221;#474747&#8243; header_5_font=&#8221;Quicksand|600|||||||&#8221; custom_margin=&#8221;||0px||false|false&#8221; custom_padding=&#8221;20px||0px||false|false&#8221; global_colors_info=&#8221;{}&#8221;]<\/p>\n<h5>&gt; VILLE DE ROMORANTIN-LANTHENAY (41)<\/h5>\n<p>[\/et_pb_text][\/et_pb_column][\/et_pb_row][et_pb_row column_structure=&#8221;1_4,1_4,1_4,1_4&#8243; use_custom_gutter=&#8221;on&#8221; gutter_width=&#8221;2&#8243; make_equal=&#8221;on&#8221; _builder_version=&#8221;4.14.7&#8243; _module_preset=&#8221;default&#8221; custom_padding=&#8221;10px||20px||false|false&#8221; global_colors_info=&#8221;{}&#8221;][et_pb_column type=&#8221;1_4&#8243; _builder_version=&#8221;4.14.7&#8243; _module_preset=&#8221;default&#8221; global_colors_info=&#8221;{}&#8221;][et_pb_image src=&#8221;http:\/\/studiocreamine.fr\/wp-content\/uploads\/2022\/02\/Capture-decran-2022-02-07-a-19.10.41.png&#8221; title_text=&#8221;Capture d\u2019\u00e9cran 2022-02-07 \u00e0 19.10.41&#8243; show_in_lightbox=&#8221;on&#8221; _builder_version=&#8221;4.14.8&#8243; _module_preset=&#8221;default&#8221; global_colors_info=&#8221;{}&#8221;][\/et_pb_image][\/et_pb_column][et_pb_column type=&#8221;1_4&#8243; _builder_version=&#8221;4.14.7&#8243; _module_preset=&#8221;default&#8221; global_colors_info=&#8221;{}&#8221;][et_pb_image src=&#8221;http:\/\/studiocreamine.fr\/wp-content\/uploads\/2022\/02\/IMG_8661.png&#8221; title_text=&#8221;IMG_8661&#8243; show_in_lightbox=&#8221;on&#8221; _builder_version=&#8221;4.14.8&#8243; _module_preset=&#8221;default&#8221; global_colors_info=&#8221;{}&#8221;][\/et_pb_image][\/et_pb_column][et_pb_column type=&#8221;1_4&#8243; _builder_version=&#8221;4.14.7&#8243; _module_preset=&#8221;default&#8221; global_colors_info=&#8221;{}&#8221;][et_pb_image src=&#8221;http:\/\/studiocreamine.fr\/wp-content\/uploads\/2022\/02\/ROMO3-copie.png&#8221; title_text=&#8221;ROMO3 copie&#8221; show_in_lightbox=&#8221;on&#8221; _builder_version=&#8221;4.14.8&#8243; _module_preset=&#8221;default&#8221; global_colors_info=&#8221;{}&#8221;][\/et_pb_image][\/et_pb_column][et_pb_column type=&#8221;1_4&#8243; _builder_version=&#8221;4.14.7&#8243; _module_preset=&#8221;default&#8221; global_colors_info=&#8221;{}&#8221;][\/et_pb_column][\/et_pb_row][et_pb_row _builder_version=&#8221;4.14.7&#8243; _module_preset=&#8221;default&#8221; custom_margin=&#8221;||0px||false|false&#8221; custom_padding=&#8221;||0px||false|false&#8221; global_colors_info=&#8221;{}&#8221;][et_pb_column type=&#8221;4_4&#8243; _builder_version=&#8221;4.14.7&#8243; _module_preset=&#8221;default&#8221; global_colors_info=&#8221;{}&#8221;][et_pb_text _builder_version=&#8221;4.14.7&#8243; _module_preset=&#8221;default&#8221; header_4_font=&#8221;Quicksand||||||||&#8221; header_4_text_color=&#8221;#474747&#8243; header_5_font=&#8221;Quicksand|600|||||||&#8221; custom_margin=&#8221;||0px||false|false&#8221; custom_padding=&#8221;20px||0px||false|false&#8221; global_colors_info=&#8221;{}&#8221;]<\/p>\n<h5>&gt; COMMUNE DE DARVOY (45)<\/h5>\n<p>[\/et_pb_text][\/et_pb_column][\/et_pb_row][et_pb_row column_structure=&#8221;1_4,1_4,1_4,1_4&#8243; use_custom_gutter=&#8221;on&#8221; gutter_width=&#8221;2&#8243; make_equal=&#8221;on&#8221; _builder_version=&#8221;4.14.7&#8243; _module_preset=&#8221;default&#8221; custom_padding=&#8221;10px||20px||false|false&#8221; global_colors_info=&#8221;{}&#8221;][et_pb_column type=&#8221;1_4&#8243; _builder_version=&#8221;4.14.7&#8243; _module_preset=&#8221;default&#8221; global_colors_info=&#8221;{}&#8221;][et_pb_image src=&#8221;http:\/\/studiocreamine.fr\/wp-content\/uploads\/2022\/02\/Capture-decran-2022-02-07-a-19.04.44.png&#8221; title_text=&#8221;Capture d\u2019\u00e9cran 2022-02-07 \u00e0 19.04.44&#8243; show_in_lightbox=&#8221;on&#8221; _builder_version=&#8221;4.14.8&#8243; _module_preset=&#8221;default&#8221; global_colors_info=&#8221;{}&#8221;][\/et_pb_image][\/et_pb_column][et_pb_column type=&#8221;1_4&#8243; _builder_version=&#8221;4.14.7&#8243; _module_preset=&#8221;default&#8221; global_colors_info=&#8221;{}&#8221;][et_pb_image src=&#8221;http:\/\/studiocreamine.fr\/wp-content\/uploads\/2022\/02\/PlanDarvoy-40x50_cadrage.png&#8221; title_text=&#8221;PlanDarvoy-40x50_cadrage&#8221; show_in_lightbox=&#8221;on&#8221; _builder_version=&#8221;4.14.8&#8243; _module_preset=&#8221;default&#8221; global_colors_info=&#8221;{}&#8221;][\/et_pb_image][\/et_pb_column][et_pb_column type=&#8221;1_4&#8243; _builder_version=&#8221;4.14.7&#8243; _module_preset=&#8221;default&#8221; global_colors_info=&#8221;{}&#8221;][\/et_pb_column][et_pb_column type=&#8221;1_4&#8243; _builder_version=&#8221;4.14.7&#8243; _module_preset=&#8221;default&#8221; global_colors_info=&#8221;{}&#8221;][\/et_pb_column][\/et_pb_row][\/et_pb_section]<\/p>\n","protected":false},"excerpt":{"rendered":"<p>Dessin Plans de situationTrac\u00e9s vectoriels de l\u2019int\u00e9gralit\u00e9\u2000 &#8211; Mise en couleur, placement sur plan du nom des rues,\u2026 Mise en place quadrillage et listing nom des rues &#8211; Gestion impression grands formats&gt; COMMUNE DE MARDI\u00c9\u2000 (45) Plans papier pli\u00e9s au format 10&#215;21 cm (format \u00e0 plat 70&#215;49 cm) + Plans pour affichage ext\u00e9rieur (3 grands [&hellip;]<\/p>\n","protected":false},"author":1,"featured_media":0,"parent":0,"menu_order":0,"comment_status":"closed","ping_status":"closed","template":"","meta":{"_et_pb_use_builder":"on","_et_pb_old_content":"<!-- wp:divi\/placeholder \/-->","_et_gb_content_width":""},"yoast_head":"<!-- This site is optimized with the Yoast SEO plugin v18.8 - https:\/\/yoast.com\/wordpress\/plugins\/seo\/ -->\n<title>Plans de situation - Studio Cr\u00e9amine<\/title>\n<meta name=\"robots\" content=\"index, follow, max-snippet:-1, max-image-preview:large, max-video-preview:-1\" \/>\n<link rel=\"canonical\" href=\"http:\/\/studiocreamine.fr\/index.php\/plans-de-situation\/\" \/>\n<meta property=\"og:locale\" content=\"fr_FR\" \/>\n<meta property=\"og:type\" content=\"article\" \/>\n<meta property=\"og:title\" content=\"Plans de situation - Studio Cr\u00e9amine\" \/>\n<meta property=\"og:description\" content=\"Identit\u00e9 visuelleLe Studio Cr\u00e9amine est sp\u00e9cialis\u00e9 en cr\u00e9ation de logo. 20 ans d&#039;exp\u00e9rience et de passion. Cr\u00e9ation Identit\u00e9 visuelle vectorielle avec pr\u00e9sentation diff\u00e9rents axes de recherche. Logo nom commercial, cr\u00e9ation d&#039;entreprise \/ Relooking de logo Marques pour lancement de produits \/ Logo visuel \u00e9v\u00e8nement\" \/>\n<meta property=\"og:url\" content=\"http:\/\/studiocreamine.fr\/index.php\/plans-de-situation\/\" \/>\n<meta property=\"og:site_name\" content=\"Studio Cr\u00e9amine\" \/>\n<meta property=\"article:modified_time\" content=\"2022-03-08T15:39:01+00:00\" \/>\n<meta name=\"twitter:card\" content=\"summary_large_image\" \/>\n<meta name=\"twitter:label1\" content=\"Dur\u00e9e de lecture estim\u00e9e\" \/>\n\t<meta name=\"twitter:data1\" content=\"5 minutes\" \/>\n<script type=\"application\/ld+json\" class=\"yoast-schema-graph\">{\"@context\":\"https:\/\/schema.org\",\"@graph\":[{\"@type\":\"Organization\",\"@id\":\"https:\/\/studiocreamine.fr\/#organization\",\"name\":\"Studio Cr\u00e9amine\",\"url\":\"https:\/\/studiocreamine.fr\/\",\"sameAs\":[],\"logo\":{\"@type\":\"ImageObject\",\"inLanguage\":\"fr-FR\",\"@id\":\"https:\/\/studiocreamine.fr\/#\/schema\/logo\/image\/\",\"url\":\"http:\/\/studiocreamine.fr\/wp-content\/uploads\/2022\/01\/logo-CREAMINE-site.png\",\"contentUrl\":\"http:\/\/studiocreamine.fr\/wp-content\/uploads\/2022\/01\/logo-CREAMINE-site.png\",\"width\":1851,\"height\":1337,\"caption\":\"Studio Cr\u00e9amine\"},\"image\":{\"@id\":\"https:\/\/studiocreamine.fr\/#\/schema\/logo\/image\/\"}},{\"@type\":\"WebSite\",\"@id\":\"https:\/\/studiocreamine.fr\/#website\",\"url\":\"https:\/\/studiocreamine.fr\/\",\"name\":\"Studio Cr\u00e9amine\",\"description\":\"\",\"publisher\":{\"@id\":\"https:\/\/studiocreamine.fr\/#organization\"},\"potentialAction\":[{\"@type\":\"SearchAction\",\"target\":{\"@type\":\"EntryPoint\",\"urlTemplate\":\"https:\/\/studiocreamine.fr\/?s={search_term_string}\"},\"query-input\":\"required name=search_term_string\"}],\"inLanguage\":\"fr-FR\"},{\"@type\":\"WebPage\",\"@id\":\"http:\/\/studiocreamine.fr\/index.php\/plans-de-situation\/#webpage\",\"url\":\"http:\/\/studiocreamine.fr\/index.php\/plans-de-situation\/\",\"name\":\"Plans de situation - Studio Cr\u00e9amine\",\"isPartOf\":{\"@id\":\"https:\/\/studiocreamine.fr\/#website\"},\"datePublished\":\"2022-01-27T09:47:13+00:00\",\"dateModified\":\"2022-03-08T15:39:01+00:00\",\"breadcrumb\":{\"@id\":\"http:\/\/studiocreamine.fr\/index.php\/plans-de-situation\/#breadcrumb\"},\"inLanguage\":\"fr-FR\",\"potentialAction\":[{\"@type\":\"ReadAction\",\"target\":[\"http:\/\/studiocreamine.fr\/index.php\/plans-de-situation\/\"]}]},{\"@type\":\"BreadcrumbList\",\"@id\":\"http:\/\/studiocreamine.fr\/index.php\/plans-de-situation\/#breadcrumb\",\"itemListElement\":[{\"@type\":\"ListItem\",\"position\":1,\"name\":\"Accueil\",\"item\":\"https:\/\/studiocreamine.fr\/\"},{\"@type\":\"ListItem\",\"position\":2,\"name\":\"Plans de situation\"}]}]}<\/script>\n<!-- \/ Yoast SEO plugin. -->","yoast_head_json":{"title":"Plans de situation - Studio Cr\u00e9amine","robots":{"index":"index","follow":"follow","max-snippet":"max-snippet:-1","max-image-preview":"max-image-preview:large","max-video-preview":"max-video-preview:-1"},"canonical":"http:\/\/studiocreamine.fr\/index.php\/plans-de-situation\/","og_locale":"fr_FR","og_type":"article","og_title":"Plans de situation - Studio Cr\u00e9amine","og_description":"Identit\u00e9 visuelleLe Studio Cr\u00e9amine est sp\u00e9cialis\u00e9 en cr\u00e9ation de logo. 20 ans d'exp\u00e9rience et de passion. Cr\u00e9ation Identit\u00e9 visuelle vectorielle avec pr\u00e9sentation diff\u00e9rents axes de recherche. Logo nom commercial, cr\u00e9ation d'entreprise \/ Relooking de logo Marques pour lancement de produits \/ Logo visuel \u00e9v\u00e8nement","og_url":"http:\/\/studiocreamine.fr\/index.php\/plans-de-situation\/","og_site_name":"Studio Cr\u00e9amine","article_modified_time":"2022-03-08T15:39:01+00:00","twitter_card":"summary_large_image","twitter_misc":{"Dur\u00e9e de lecture estim\u00e9e":"5 minutes"},"schema":{"@context":"https:\/\/schema.org","@graph":[{"@type":"Organization","@id":"https:\/\/studiocreamine.fr\/#organization","name":"Studio Cr\u00e9amine","url":"https:\/\/studiocreamine.fr\/","sameAs":[],"logo":{"@type":"ImageObject","inLanguage":"fr-FR","@id":"https:\/\/studiocreamine.fr\/#\/schema\/logo\/image\/","url":"http:\/\/studiocreamine.fr\/wp-content\/uploads\/2022\/01\/logo-CREAMINE-site.png","contentUrl":"http:\/\/studiocreamine.fr\/wp-content\/uploads\/2022\/01\/logo-CREAMINE-site.png","width":1851,"height":1337,"caption":"Studio Cr\u00e9amine"},"image":{"@id":"https:\/\/studiocreamine.fr\/#\/schema\/logo\/image\/"}},{"@type":"WebSite","@id":"https:\/\/studiocreamine.fr\/#website","url":"https:\/\/studiocreamine.fr\/","name":"Studio Cr\u00e9amine","description":"","publisher":{"@id":"https:\/\/studiocreamine.fr\/#organization"},"potentialAction":[{"@type":"SearchAction","target":{"@type":"EntryPoint","urlTemplate":"https:\/\/studiocreamine.fr\/?s={search_term_string}"},"query-input":"required name=search_term_string"}],"inLanguage":"fr-FR"},{"@type":"WebPage","@id":"http:\/\/studiocreamine.fr\/index.php\/plans-de-situation\/#webpage","url":"http:\/\/studiocreamine.fr\/index.php\/plans-de-situation\/","name":"Plans de situation - Studio Cr\u00e9amine","isPartOf":{"@id":"https:\/\/studiocreamine.fr\/#website"},"datePublished":"2022-01-27T09:47:13+00:00","dateModified":"2022-03-08T15:39:01+00:00","breadcrumb":{"@id":"http:\/\/studiocreamine.fr\/index.php\/plans-de-situation\/#breadcrumb"},"inLanguage":"fr-FR","potentialAction":[{"@type":"ReadAction","target":["http:\/\/studiocreamine.fr\/index.php\/plans-de-situation\/"]}]},{"@type":"BreadcrumbList","@id":"http:\/\/studiocreamine.fr\/index.php\/plans-de-situation\/#breadcrumb","itemListElement":[{"@type":"ListItem","position":1,"name":"Accueil","item":"https:\/\/studiocreamine.fr\/"},{"@type":"ListItem","position":2,"name":"Plans de situation"}]}]}},"_links":{"self":[{"href":"https:\/\/studiocreamine.fr\/index.php\/wp-json\/wp\/v2\/pages\/790"}],"collection":[{"href":"https:\/\/studiocreamine.fr\/index.php\/wp-json\/wp\/v2\/pages"}],"about":[{"href":"https:\/\/studiocreamine.fr\/index.php\/wp-json\/wp\/v2\/types\/page"}],"author":[{"embeddable":true,"href":"https:\/\/studiocreamine.fr\/index.php\/wp-json\/wp\/v2\/users\/1"}],"replies":[{"embeddable":true,"href":"https:\/\/studiocreamine.fr\/index.php\/wp-json\/wp\/v2\/comments?post=790"}],"version-history":[{"count":12,"href":"https:\/\/studiocreamine.fr\/index.php\/wp-json\/wp\/v2\/pages\/790\/revisions"}],"predecessor-version":[{"id":2168,"href":"https:\/\/studiocreamine.fr\/index.php\/wp-json\/wp\/v2\/pages\/790\/revisions\/2168"}],"wp:attachment":[{"href":"https:\/\/studiocreamine.fr\/index.php\/wp-json\/wp\/v2\/media?parent=790"}],"curies":[{"name":"wp","href":"https:\/\/api.w.org\/{rel}","templated":true}]}}