{"id":792,"date":"2022-01-27T10:47:41","date_gmt":"2022-01-27T09:47:41","guid":{"rendered":"http:\/\/studiocreamine.fr\/?page_id=792"},"modified":"2022-05-08T09:34:21","modified_gmt":"2022-05-08T07:34:21","slug":"enseignes-habillage-vitrines","status":"publish","type":"page","link":"https:\/\/studiocreamine.fr\/index.php\/enseignes-habillage-vitrines\/","title":{"rendered":"Enseignes, habillage vitrines"},"content":{"rendered":"<p>[et_pb_section fb_built=&#8221;1&#8243; _builder_version=&#8221;4.16&#8243; _module_preset=&#8221;default&#8221; custom_margin=&#8221;||0px||false|false&#8221; custom_padding=&#8221;||0px||false|false&#8221; global_colors_info=&#8221;{}&#8221;][et_pb_row _builder_version=&#8221;4.16&#8243; _module_preset=&#8221;default&#8221; min_height=&#8221;64px&#8221; global_colors_info=&#8221;{}&#8221;][et_pb_column type=&#8221;4_4&#8243; _builder_version=&#8221;4.16&#8243; _module_preset=&#8221;default&#8221; global_colors_info=&#8221;{}&#8221;][et_pb_text _builder_version=&#8221;4.16&#8243; _module_preset=&#8221;default&#8221; header_font=&#8221;Quicksand|700|||||||&#8221; header_text_color=&#8221;#f28230&#8243; header_font_size=&#8221;31px&#8221; global_colors_info=&#8221;{}&#8221;]<\/p>\n<h1>Cr\u00e9ation enseigne magasin<\/h1>\n<p>[\/et_pb_text][\/et_pb_column][\/et_pb_row][et_pb_row _builder_version=&#8221;4.16&#8243; _module_preset=&#8221;default&#8221; min_height=&#8221;66px&#8221; custom_margin=&#8221;0px||0px||false|false&#8221; custom_padding=&#8221;0px||0px||false|false&#8221; global_colors_info=&#8221;{}&#8221;][et_pb_column type=&#8221;4_4&#8243; _builder_version=&#8221;4.16&#8243; _module_preset=&#8221;default&#8221; global_colors_info=&#8221;{}&#8221;][et_pb_text _builder_version=&#8221;4.16&#8243; _module_preset=&#8221;default&#8221; header_font=&#8221;Quicksand||||||||&#8221; header_3_font=&#8221;Quicksand||||||||&#8221; header_4_font=&#8221;Quicksand||||||||&#8221; header_4_text_color=&#8221;#838487&#8243; header_4_font_size=&#8221;22px&#8221; header_4_line_height=&#8221;1.3em&#8221; scroll_horizontal_motion=&#8221;0|75|75|100|4|0|-4&#8243; global_colors_info=&#8221;{}&#8221;]<\/p>\n<h3><b>Habillage fa\u00e7ade<\/b><\/h3>\n<h4><\/h4>\n<h4>Cr\u00e9ation visuel avec photomontage (plusieurs propositions) &#8211; Impression sur vinyle polym\u00e8re adh\u00e9sif avec lamination anti UV &#8211; Contrecollage vinyle sur plaques Alu Dibond 3 mm d\u2019\u00e9paisseur &#8211; Pose plaques sur site<\/h4>\n<h4>R\u00e9alisation de plaques plexiglass\u00ae avec visuel et texte en d\u00e9coupe &#8211; Pose en relief avec entretoises inox (exemple pour l\u2019institut Cocktail Beaut\u00e9)<\/h4>\n<p><b><\/b><\/p>\n<p><b><\/b><\/p>\n<p><b><\/b><\/p>\n<h3><b>Habillage vitrine<\/b><\/h3>\n<p><b><\/b><\/p>\n<h4>D\u00e9coupe formes et lettrages dans vinyle polym\u00e8re adh\u00e9sif teint\u00e9 dans la masse &#8211; Echenillage et mise sous film transfert pour pose sur vitre<\/h4>\n<h4>Impression sur vinyle adh\u00e9sif longue dur\u00e9e, plastifi\u00e9 anti UV et d\u00e9coup\u00e9 \u00e0 la forme, selon trac\u00e9 vectoriel de d\u00e9coupe (exemple pour l\u2019auto-\u00e9cole WISE UP)<\/h4>\n<p>&nbsp;<\/p>\n<h3><b><\/b><\/h3>\n<h3><b>Habillage caisson lumineux<\/b><b><\/b><\/h3>\n<h4><\/h4>\n<h4>Avec visuel imprim\u00e9 sur vinyle polym\u00e8re adh\u00e9sif translucide<\/h4>\n<p>[\/et_pb_text][\/et_pb_column][\/et_pb_row][\/et_pb_section][et_pb_section fb_built=&#8221;1&#8243; _builder_version=&#8221;4.16&#8243; _module_preset=&#8221;default&#8221; custom_margin=&#8221;0px||||false|false&#8221; custom_padding=&#8221;10px||||false|false&#8221; global_colors_info=&#8221;{}&#8221;][et_pb_row make_equal=&#8221;on&#8221; _builder_version=&#8221;4.16&#8243; _module_preset=&#8221;default&#8221; global_colors_info=&#8221;{}&#8221;][et_pb_column type=&#8221;4_4&#8243; _builder_version=&#8221;4.16&#8243; _module_preset=&#8221;default&#8221; global_colors_info=&#8221;{}&#8221;][dsm_image_carousel gallery_ids=&#8221;1757,1758,1759,1760,1761,1762,1763,1764,1765,1766,1767,1901,1769,1770,1771,1772&#8243; slide_to_show=&#8221;1&#8243; speed=&#8221;681&#8243; autoplay=&#8221;off&#8221; space_between=&#8221;100&#8243; infinite=&#8221;off&#8221; grab=&#8221;off&#8221; arrow_color=&#8221;#000000&#8243; arrow_background_color=&#8221;RGBA(255,255,255,0)&#8221; _builder_version=&#8221;4.17.3&#8243; _module_preset=&#8221;default&#8221; custom_padding=&#8221;17px||17px||false|false&#8221; hover_enabled=&#8221;0&#8243; global_colors_info=&#8221;{}&#8221; sticky_enabled=&#8221;0&#8243;][\/dsm_image_carousel][\/et_pb_column][\/et_pb_row][\/et_pb_section]<\/p>\n","protected":false},"excerpt":{"rendered":"<p>Cr\u00e9ation enseigne magasinHabillage fa\u00e7ade Cr\u00e9ation visuel avec photomontage (plusieurs propositions) &#8211; Impression sur vinyle polym\u00e8re adh\u00e9sif avec lamination anti UV &#8211; Contrecollage vinyle sur plaques Alu Dibond 3 mm d\u2019\u00e9paisseur &#8211; Pose plaques sur site R\u00e9alisation de plaques plexiglass\u00ae avec visuel et texte en d\u00e9coupe &#8211; Pose en relief avec entretoises inox (exemple pour l\u2019institut [&hellip;]<\/p>\n","protected":false},"author":1,"featured_media":0,"parent":0,"menu_order":0,"comment_status":"closed","ping_status":"closed","template":"","meta":{"_et_pb_use_builder":"on","_et_pb_old_content":"<!-- wp:divi\/placeholder \/-->","_et_gb_content_width":""},"yoast_head":"<!-- This site is optimized with the Yoast SEO plugin v18.8 - https:\/\/yoast.com\/wordpress\/plugins\/seo\/ -->\n<title>Enseignes, habillage vitrines - Studio Cr\u00e9amine<\/title>\n<meta name=\"robots\" content=\"index, follow, max-snippet:-1, max-image-preview:large, max-video-preview:-1\" \/>\n<link rel=\"canonical\" href=\"https:\/\/studiocreamine.fr\/index.php\/enseignes-habillage-vitrines\/\" \/>\n<meta property=\"og:locale\" content=\"fr_FR\" \/>\n<meta property=\"og:type\" content=\"article\" \/>\n<meta property=\"og:title\" content=\"Enseignes, habillage vitrines - Studio Cr\u00e9amine\" \/>\n<meta property=\"og:description\" content=\"Identit\u00e9 visuelleLe Studio Cr\u00e9amine est sp\u00e9cialis\u00e9 en cr\u00e9ation de logo. 20 ans d&#039;exp\u00e9rience et de passion. Cr\u00e9ation Identit\u00e9 visuelle vectorielle avec pr\u00e9sentation diff\u00e9rents axes de recherche. Logo nom commercial, cr\u00e9ation d&#039;entreprise \/ Relooking de logo Marques pour lancement de produits \/ Logo visuel \u00e9v\u00e8nement\" \/>\n<meta property=\"og:url\" content=\"https:\/\/studiocreamine.fr\/index.php\/enseignes-habillage-vitrines\/\" \/>\n<meta property=\"og:site_name\" content=\"Studio Cr\u00e9amine\" \/>\n<meta property=\"article:modified_time\" content=\"2022-05-08T07:34:21+00:00\" \/>\n<meta name=\"twitter:card\" content=\"summary_large_image\" \/>\n<meta name=\"twitter:label1\" content=\"Dur\u00e9e de lecture estim\u00e9e\" \/>\n\t<meta name=\"twitter:data1\" content=\"2 minutes\" \/>\n<script type=\"application\/ld+json\" class=\"yoast-schema-graph\">{\"@context\":\"https:\/\/schema.org\",\"@graph\":[{\"@type\":\"Organization\",\"@id\":\"https:\/\/studiocreamine.fr\/#organization\",\"name\":\"Studio Cr\u00e9amine\",\"url\":\"https:\/\/studiocreamine.fr\/\",\"sameAs\":[],\"logo\":{\"@type\":\"ImageObject\",\"inLanguage\":\"fr-FR\",\"@id\":\"https:\/\/studiocreamine.fr\/#\/schema\/logo\/image\/\",\"url\":\"http:\/\/studiocreamine.fr\/wp-content\/uploads\/2022\/01\/logo-CREAMINE-site.png\",\"contentUrl\":\"http:\/\/studiocreamine.fr\/wp-content\/uploads\/2022\/01\/logo-CREAMINE-site.png\",\"width\":1851,\"height\":1337,\"caption\":\"Studio Cr\u00e9amine\"},\"image\":{\"@id\":\"https:\/\/studiocreamine.fr\/#\/schema\/logo\/image\/\"}},{\"@type\":\"WebSite\",\"@id\":\"https:\/\/studiocreamine.fr\/#website\",\"url\":\"https:\/\/studiocreamine.fr\/\",\"name\":\"Studio Cr\u00e9amine\",\"description\":\"\",\"publisher\":{\"@id\":\"https:\/\/studiocreamine.fr\/#organization\"},\"potentialAction\":[{\"@type\":\"SearchAction\",\"target\":{\"@type\":\"EntryPoint\",\"urlTemplate\":\"https:\/\/studiocreamine.fr\/?s={search_term_string}\"},\"query-input\":\"required name=search_term_string\"}],\"inLanguage\":\"fr-FR\"},{\"@type\":\"WebPage\",\"@id\":\"https:\/\/studiocreamine.fr\/index.php\/enseignes-habillage-vitrines\/#webpage\",\"url\":\"https:\/\/studiocreamine.fr\/index.php\/enseignes-habillage-vitrines\/\",\"name\":\"Enseignes, habillage vitrines - Studio Cr\u00e9amine\",\"isPartOf\":{\"@id\":\"https:\/\/studiocreamine.fr\/#website\"},\"datePublished\":\"2022-01-27T09:47:41+00:00\",\"dateModified\":\"2022-05-08T07:34:21+00:00\",\"breadcrumb\":{\"@id\":\"https:\/\/studiocreamine.fr\/index.php\/enseignes-habillage-vitrines\/#breadcrumb\"},\"inLanguage\":\"fr-FR\",\"potentialAction\":[{\"@type\":\"ReadAction\",\"target\":[\"https:\/\/studiocreamine.fr\/index.php\/enseignes-habillage-vitrines\/\"]}]},{\"@type\":\"BreadcrumbList\",\"@id\":\"https:\/\/studiocreamine.fr\/index.php\/enseignes-habillage-vitrines\/#breadcrumb\",\"itemListElement\":[{\"@type\":\"ListItem\",\"position\":1,\"name\":\"Accueil\",\"item\":\"https:\/\/studiocreamine.fr\/\"},{\"@type\":\"ListItem\",\"position\":2,\"name\":\"Enseignes, habillage vitrines\"}]}]}<\/script>\n<!-- \/ Yoast SEO plugin. -->","yoast_head_json":{"title":"Enseignes, habillage vitrines - Studio Cr\u00e9amine","robots":{"index":"index","follow":"follow","max-snippet":"max-snippet:-1","max-image-preview":"max-image-preview:large","max-video-preview":"max-video-preview:-1"},"canonical":"https:\/\/studiocreamine.fr\/index.php\/enseignes-habillage-vitrines\/","og_locale":"fr_FR","og_type":"article","og_title":"Enseignes, habillage vitrines - Studio Cr\u00e9amine","og_description":"Identit\u00e9 visuelleLe Studio Cr\u00e9amine est sp\u00e9cialis\u00e9 en cr\u00e9ation de logo. 20 ans d'exp\u00e9rience et de passion. Cr\u00e9ation Identit\u00e9 visuelle vectorielle avec pr\u00e9sentation diff\u00e9rents axes de recherche. Logo nom commercial, cr\u00e9ation d'entreprise \/ Relooking de logo Marques pour lancement de produits \/ Logo visuel \u00e9v\u00e8nement","og_url":"https:\/\/studiocreamine.fr\/index.php\/enseignes-habillage-vitrines\/","og_site_name":"Studio Cr\u00e9amine","article_modified_time":"2022-05-08T07:34:21+00:00","twitter_card":"summary_large_image","twitter_misc":{"Dur\u00e9e de lecture estim\u00e9e":"2 minutes"},"schema":{"@context":"https:\/\/schema.org","@graph":[{"@type":"Organization","@id":"https:\/\/studiocreamine.fr\/#organization","name":"Studio Cr\u00e9amine","url":"https:\/\/studiocreamine.fr\/","sameAs":[],"logo":{"@type":"ImageObject","inLanguage":"fr-FR","@id":"https:\/\/studiocreamine.fr\/#\/schema\/logo\/image\/","url":"http:\/\/studiocreamine.fr\/wp-content\/uploads\/2022\/01\/logo-CREAMINE-site.png","contentUrl":"http:\/\/studiocreamine.fr\/wp-content\/uploads\/2022\/01\/logo-CREAMINE-site.png","width":1851,"height":1337,"caption":"Studio Cr\u00e9amine"},"image":{"@id":"https:\/\/studiocreamine.fr\/#\/schema\/logo\/image\/"}},{"@type":"WebSite","@id":"https:\/\/studiocreamine.fr\/#website","url":"https:\/\/studiocreamine.fr\/","name":"Studio Cr\u00e9amine","description":"","publisher":{"@id":"https:\/\/studiocreamine.fr\/#organization"},"potentialAction":[{"@type":"SearchAction","target":{"@type":"EntryPoint","urlTemplate":"https:\/\/studiocreamine.fr\/?s={search_term_string}"},"query-input":"required name=search_term_string"}],"inLanguage":"fr-FR"},{"@type":"WebPage","@id":"https:\/\/studiocreamine.fr\/index.php\/enseignes-habillage-vitrines\/#webpage","url":"https:\/\/studiocreamine.fr\/index.php\/enseignes-habillage-vitrines\/","name":"Enseignes, habillage vitrines - Studio Cr\u00e9amine","isPartOf":{"@id":"https:\/\/studiocreamine.fr\/#website"},"datePublished":"2022-01-27T09:47:41+00:00","dateModified":"2022-05-08T07:34:21+00:00","breadcrumb":{"@id":"https:\/\/studiocreamine.fr\/index.php\/enseignes-habillage-vitrines\/#breadcrumb"},"inLanguage":"fr-FR","potentialAction":[{"@type":"ReadAction","target":["https:\/\/studiocreamine.fr\/index.php\/enseignes-habillage-vitrines\/"]}]},{"@type":"BreadcrumbList","@id":"https:\/\/studiocreamine.fr\/index.php\/enseignes-habillage-vitrines\/#breadcrumb","itemListElement":[{"@type":"ListItem","position":1,"name":"Accueil","item":"https:\/\/studiocreamine.fr\/"},{"@type":"ListItem","position":2,"name":"Enseignes, habillage vitrines"}]}]}},"_links":{"self":[{"href":"https:\/\/studiocreamine.fr\/index.php\/wp-json\/wp\/v2\/pages\/792"}],"collection":[{"href":"https:\/\/studiocreamine.fr\/index.php\/wp-json\/wp\/v2\/pages"}],"about":[{"href":"https:\/\/studiocreamine.fr\/index.php\/wp-json\/wp\/v2\/types\/page"}],"author":[{"embeddable":true,"href":"https:\/\/studiocreamine.fr\/index.php\/wp-json\/wp\/v2\/users\/1"}],"replies":[{"embeddable":true,"href":"https:\/\/studiocreamine.fr\/index.php\/wp-json\/wp\/v2\/comments?post=792"}],"version-history":[{"count":21,"href":"https:\/\/studiocreamine.fr\/index.php\/wp-json\/wp\/v2\/pages\/792\/revisions"}],"predecessor-version":[{"id":2230,"href":"https:\/\/studiocreamine.fr\/index.php\/wp-json\/wp\/v2\/pages\/792\/revisions\/2230"}],"wp:attachment":[{"href":"https:\/\/studiocreamine.fr\/index.php\/wp-json\/wp\/v2\/media?parent=792"}],"curies":[{"name":"wp","href":"https:\/\/api.w.org\/{rel}","templated":true}]}}