{"id":796,"date":"2022-01-27T10:48:35","date_gmt":"2022-01-27T09:48:35","guid":{"rendered":"http:\/\/studiocreamine.fr\/?page_id=796"},"modified":"2022-05-10T14:19:41","modified_gmt":"2022-05-10T12:19:41","slug":"conditionnement-emballage","status":"publish","type":"page","link":"https:\/\/studiocreamine.fr\/index.php\/conditionnement-emballage\/","title":{"rendered":"Conditionnement, emballage"},"content":{"rendered":"<p>[et_pb_section fb_built=&#8221;1&#8243; _builder_version=&#8221;4.16&#8243; _module_preset=&#8221;default&#8221; custom_margin=&#8221;||0px||false|false&#8221; custom_padding=&#8221;||0px||false|false&#8221; global_colors_info=&#8221;{}&#8221;][et_pb_row _builder_version=&#8221;4.16&#8243; _module_preset=&#8221;default&#8221; min_height=&#8221;64px&#8221; global_colors_info=&#8221;{}&#8221;][et_pb_column type=&#8221;4_4&#8243; _builder_version=&#8221;4.16&#8243; _module_preset=&#8221;default&#8221; global_colors_info=&#8221;{}&#8221;][et_pb_text _builder_version=&#8221;4.16&#8243; _module_preset=&#8221;default&#8221; header_font=&#8221;Quicksand|700|||||||&#8221; header_text_color=&#8221;#f28230&#8243; header_font_size=&#8221;31px&#8221; global_colors_info=&#8221;{}&#8221;]<\/p>\n<h1><b>PLV, conditionnement, emballage<\/b><\/h1>\n<p>[\/et_pb_text][\/et_pb_column][\/et_pb_row][et_pb_row _builder_version=&#8221;4.16&#8243; _module_preset=&#8221;default&#8221; min_height=&#8221;66px&#8221; custom_margin=&#8221;0px||0px||false|false&#8221; custom_padding=&#8221;0px||0px||false|false&#8221; global_colors_info=&#8221;{}&#8221;][et_pb_column type=&#8221;4_4&#8243; _builder_version=&#8221;4.16&#8243; _module_preset=&#8221;default&#8221; global_colors_info=&#8221;{}&#8221;][et_pb_text _builder_version=&#8221;4.17.3&#8243; _module_preset=&#8221;default&#8221; header_4_font=&#8221;Quicksand||||||||&#8221; header_4_text_color=&#8221;#838487&#8243; header_4_font_size=&#8221;22px&#8221; header_4_line_height=&#8221;1.3em&#8221; scroll_horizontal_motion=&#8221;0|75|75|100|4|0|-4&#8243; global_colors_info=&#8221;{}&#8221;]<\/p>\n<h4>R\u00e9alisation PLV de bureau (pr\u00e9sentoir carton pour flyers), PLV \u00e9tag\u00e8re\u2026<\/h4>\n<h4>Cr\u00e9ation visuel pour film plastique (sachets,\u2026), pour sacs papier,\u2026 pour conditionnement (colis carton, barquettes,\u2026)<\/h4>\n<h4>Cr\u00e9ation pour impression en flexographie<\/h4>\n<p>[\/et_pb_text][\/et_pb_column][\/et_pb_row][\/et_pb_section][et_pb_section fb_built=&#8221;1&#8243; _builder_version=&#8221;4.16&#8243; _module_preset=&#8221;default&#8221; custom_margin=&#8221;0px||||false|false&#8221; custom_padding=&#8221;10px||||false|false&#8221; global_colors_info=&#8221;{}&#8221;][et_pb_row make_equal=&#8221;on&#8221; _builder_version=&#8221;4.16&#8243; _module_preset=&#8221;default&#8221; min_height=&#8221;479px&#8221; global_colors_info=&#8221;{}&#8221;][et_pb_column type=&#8221;4_4&#8243; _builder_version=&#8221;4.16&#8243; _module_preset=&#8221;default&#8221; global_colors_info=&#8221;{}&#8221;][dsm_image_carousel gallery_ids=&#8221;1864,1865,1866,1867,1868,1869,1870,1871,2024,1873,1874,1875,1876,1877,1878,1879,1880&#8243; slide_to_show=&#8221;1&#8243; speed=&#8221;681&#8243; autoplay=&#8221;off&#8221; space_between=&#8221;100&#8243; infinite=&#8221;off&#8221; grab=&#8221;off&#8221; arrow_color=&#8221;#000000&#8243; arrow_background_color=&#8221;rgba(255,255,255,0)&#8221; _builder_version=&#8221;4.17.3&#8243; _module_preset=&#8221;default&#8221; custom_padding=&#8221;17px||17px||false|false&#8221; hover_enabled=&#8221;0&#8243; global_colors_info=&#8221;{}&#8221; arrow_size_last_edited=&#8221;on|phone&#8221; sticky_enabled=&#8221;0&#8243;][\/dsm_image_carousel][\/et_pb_column][\/et_pb_row][\/et_pb_section]<\/p>\n","protected":false},"excerpt":{"rendered":"<p>PLV, conditionnement, emballageR\u00e9alisation PLV de bureau (pr\u00e9sentoir carton pour flyers), PLV \u00e9tag\u00e8re\u2026 Cr\u00e9ation visuel pour film plastique (sachets,\u2026), pour sacs papier,\u2026 pour conditionnement (colis carton, barquettes,\u2026) Cr\u00e9ation pour impression en flexographie<div class=\"et_pb_module dsm_image_carousel dsm_image_carousel_0  dsm_image_carousel_arrow_outside dsm_image_carousel_arrow_mobile_inside \">\n\t\t\t\t\n\t\t\t\t\n\t\t\t\t\n\t\t\t\t\n\t\t\t\t\n\t\t\t\t\n\t\t\t\t<div class=\"et_pb_module_inner\">\n\t\t\t\t\t<div class=\"swiper-container dsm_image_carousel_container\" dir=\"ltr\" data-params=[{\"effect\":\"default\",\"slider_effect_shadows\":false,\"slider_effect_coverflow_rotate\":\"30\",\"slider_effect_coverflow_depth\":\"0\",\"loop\":false,\"slide_to_show\":\"1\",\"slide_to_show_tablet\":\"1\",\"slide_to_show_phone\":\"1\",\"slide_to_scroll\":\"1\",\"slide_to_scroll_tablet\":\"1\",\"slide_to_scroll_phone\":\"1\",\"space_between\":\"100\",\"space_between_tablet\":\"100\",\"space_between_phone\":\"100\",\"slide_row\":\"1\",\"centered_slides\":false,\"speed\":\"681\",\"autoplay\":false,\"autoplay_speed\":\"3000\",\"touch_move\":true,\"grab\":false,\"pause_on_hover\":false,\"show_lightbox\":false,\"lightbox_gallery\":\"false\",\"lightbox_caption\":\"false\",\"infinite_scrolling\":\"false\"}]><div class=\"swiper-wrapper\"><div class=\"swiper-slide dsm_image_carousel_item\"><img src=\"https:\/\/studiocreamine.fr\/wp-content\/uploads\/2022\/02\/2_photo-boisup-IMG_8573.jpg\" data-src=\"https:\/\/studiocreamine.fr\/wp-content\/uploads\/2022\/02\/2_photo-boisup-IMG_8573.jpg\" width=\"562\" height=\"749\" class=\"swiper-lazy\" title=\"2_photo boisup IMG_8573\" \/><\/div><div class=\"swiper-slide dsm_image_carousel_item\"><img src=\"https:\/\/studiocreamine.fr\/wp-content\/uploads\/2022\/02\/3_DSC02989.jpg\" data-src=\"https:\/\/studiocreamine.fr\/wp-content\/uploads\/2022\/02\/3_DSC02989.jpg\" width=\"562\" height=\"749\" class=\"swiper-lazy\" title=\"3_DSC02989\" \/><\/div><div class=\"swiper-slide dsm_image_carousel_item\"><img src=\"https:\/\/studiocreamine.fr\/wp-content\/uploads\/2022\/02\/4_DSC03069.jpg\" data-src=\"https:\/\/studiocreamine.fr\/wp-content\/uploads\/2022\/02\/4_DSC03069.jpg\" width=\"562\" height=\"749\" class=\"swiper-lazy\" title=\"4_DSC03069\" \/><\/div><div class=\"swiper-slide dsm_image_carousel_item\"><img src=\"https:\/\/studiocreamine.fr\/wp-content\/uploads\/2022\/02\/5-crea-SUNFIRE.png\" data-src=\"https:\/\/studiocreamine.fr\/wp-content\/uploads\/2022\/02\/5-crea-SUNFIRE.png\" width=\"999\" height=\"749\" class=\"swiper-lazy\" title=\"5-crea SUNFIRE\" \/><\/div><div class=\"swiper-slide dsm_image_carousel_item\"><img src=\"https:\/\/studiocreamine.fr\/wp-content\/uploads\/2022\/02\/6-crea-SUNPOWER.png\" data-src=\"https:\/\/studiocreamine.fr\/wp-content\/uploads\/2022\/02\/6-crea-SUNPOWER.png\" width=\"999\" height=\"749\" class=\"swiper-lazy\" title=\"6-crea SUNPOWER\" \/><\/div><div class=\"swiper-slide dsm_image_carousel_item\"><img src=\"https:\/\/studiocreamine.fr\/wp-content\/uploads\/2022\/02\/7_visuel-sac.jpg\" data-src=\"https:\/\/studiocreamine.fr\/wp-content\/uploads\/2022\/02\/7_visuel-sac.jpg\" width=\"999\" height=\"749\" class=\"swiper-lazy\" title=\"7_visuel sac\" \/><\/div><div class=\"swiper-slide dsm_image_carousel_item\"><img src=\"https:\/\/studiocreamine.fr\/wp-content\/uploads\/2022\/02\/8_crea-CORRUBLE.png\" data-src=\"https:\/\/studiocreamine.fr\/wp-content\/uploads\/2022\/02\/8_crea-CORRUBLE.png\" width=\"999\" height=\"749\" class=\"swiper-lazy\" title=\"8_crea CORRUBLE\" \/><\/div><div class=\"swiper-slide dsm_image_carousel_item\"><img src=\"https:\/\/studiocreamine.fr\/wp-content\/uploads\/2022\/02\/8_Montage-Corruble.jpg\" data-src=\"https:\/\/studiocreamine.fr\/wp-content\/uploads\/2022\/02\/8_Montage-Corruble.jpg\" width=\"999\" height=\"749\" class=\"swiper-lazy\" title=\"8_Montage-Corruble\" \/><\/div><div class=\"swiper-slide dsm_image_carousel_item\"><img src=\"https:\/\/studiocreamine.fr\/wp-content\/uploads\/2022\/02\/9_1colisPUR.T-LaParisienne01-2011.png\" data-src=\"https:\/\/studiocreamine.fr\/wp-content\/uploads\/2022\/02\/9_1colisPUR.T-LaParisienne01-2011.png\" width=\"999\" height=\"749\" class=\"swiper-lazy\" title=\"9_1colisPUR.T-LaParisienne01-2011\" \/><\/div><div class=\"swiper-slide dsm_image_carousel_item\"><img src=\"https:\/\/studiocreamine.fr\/wp-content\/uploads\/2022\/02\/9_2ca-Parisienne-PHOTO.jpg\" data-src=\"https:\/\/studiocreamine.fr\/wp-content\/uploads\/2022\/02\/9_2ca-Parisienne-PHOTO.jpg\" width=\"999\" height=\"749\" class=\"swiper-lazy\" title=\"9_2ca Parisienne PHOTO\" \/><\/div><div class=\"swiper-slide dsm_image_carousel_item\"><img src=\"https:\/\/studiocreamine.fr\/wp-content\/uploads\/2022\/02\/9_3Complexe-La-Parisienne.jpg\" data-src=\"https:\/\/studiocreamine.fr\/wp-content\/uploads\/2022\/02\/9_3Complexe-La-Parisienne.jpg\" width=\"1000\" height=\"749\" class=\"swiper-lazy\" title=\"9_3Complexe La Parisienne\" \/><\/div><div class=\"swiper-slide dsm_image_carousel_item\"><img src=\"https:\/\/studiocreamine.fr\/wp-content\/uploads\/2022\/02\/10_1FRASES-ColisCarton.jpg\" data-src=\"https:\/\/studiocreamine.fr\/wp-content\/uploads\/2022\/02\/10_1FRASES-ColisCarton.jpg\" width=\"999\" height=\"749\" class=\"swiper-lazy\" title=\"10_1FRASES ColisCarton\" \/><\/div><div class=\"swiper-slide dsm_image_carousel_item\"><img src=\"https:\/\/studiocreamine.fr\/wp-content\/uploads\/2022\/02\/10_2FRAISEScolisbarquetteBOIS.jpg\" data-src=\"https:\/\/studiocreamine.fr\/wp-content\/uploads\/2022\/02\/10_2FRAISEScolisbarquetteBOIS.jpg\" width=\"999\" height=\"749\" class=\"swiper-lazy\" title=\"10_2FRAISEScolis+barquetteBOIS\" \/><\/div><div class=\"swiper-slide dsm_image_carousel_item\"><img src=\"https:\/\/studiocreamine.fr\/wp-content\/uploads\/2022\/02\/11_PUR-T-Picvert-2013.png\" data-src=\"https:\/\/studiocreamine.fr\/wp-content\/uploads\/2022\/02\/11_PUR-T-Picvert-2013.png\" width=\"1661\" height=\"1288\" class=\"swiper-lazy\" title=\"11_PUR T Picvert 2013\" \/><\/div><div class=\"swiper-slide dsm_image_carousel_item\"><img src=\"https:\/\/studiocreamine.fr\/wp-content\/uploads\/2022\/02\/13_PICVERT-barquette-colisCarton.jpg\" data-src=\"https:\/\/studiocreamine.fr\/wp-content\/uploads\/2022\/02\/13_PICVERT-barquette-colisCarton.jpg\" width=\"999\" height=\"749\" class=\"swiper-lazy\" title=\"barquette-767x584-2coul-EXE\" \/><\/div><div class=\"swiper-slide dsm_image_carousel_item\"><img src=\"https:\/\/studiocreamine.fr\/wp-content\/uploads\/2022\/02\/14_PICVERT-photo.jpg\" data-src=\"https:\/\/studiocreamine.fr\/wp-content\/uploads\/2022\/02\/14_PICVERT-photo.jpg\" width=\"999\" height=\"749\" class=\"swiper-lazy\" title=\"14_PICVERT photo\" \/><\/div><div class=\"swiper-slide dsm_image_carousel_item\"><img src=\"https:\/\/studiocreamine.fr\/wp-content\/uploads\/2022\/02\/16_DSC02969.jpg\" data-src=\"https:\/\/studiocreamine.fr\/wp-content\/uploads\/2022\/02\/16_DSC02969.jpg\" width=\"999\" height=\"749\" class=\"swiper-lazy\" title=\"16_DSC02969\" \/><\/div><\/div><\/div><div class=\"swiper-button-prev\"><\/div><div class=\"swiper-button-next\"><\/div><div class=\"swiper-pagination\"><\/div>\n\t\t\t\t<\/div>\n\t\t\t<\/div><\/p>\n","protected":false},"author":1,"featured_media":0,"parent":0,"menu_order":0,"comment_status":"closed","ping_status":"closed","template":"","meta":{"_et_pb_use_builder":"on","_et_pb_old_content":"<!-- wp:divi\/placeholder \/-->","_et_gb_content_width":""},"yoast_head":"<!-- This site is optimized with the Yoast SEO plugin v18.8 - https:\/\/yoast.com\/wordpress\/plugins\/seo\/ -->\n<title>Conditionnement, emballage - Studio Cr\u00e9amine<\/title>\n<meta name=\"robots\" content=\"index, follow, max-snippet:-1, max-image-preview:large, max-video-preview:-1\" \/>\n<link rel=\"canonical\" href=\"http:\/\/studiocreamine.fr\/index.php\/conditionnement-emballage\/\" \/>\n<meta property=\"og:locale\" content=\"fr_FR\" \/>\n<meta property=\"og:type\" content=\"article\" \/>\n<meta property=\"og:title\" content=\"Conditionnement, emballage - Studio Cr\u00e9amine\" \/>\n<meta property=\"og:description\" content=\"Identit\u00e9 visuelleLe Studio Cr\u00e9amine est sp\u00e9cialis\u00e9 en cr\u00e9ation de logo. 20 ans d&#039;exp\u00e9rience et de passion. Cr\u00e9ation Identit\u00e9 visuelle vectorielle avec pr\u00e9sentation diff\u00e9rents axes de recherche. Logo nom commercial, cr\u00e9ation d&#039;entreprise \/ Relooking de logo Marques pour lancement de produits \/ Logo visuel \u00e9v\u00e8nement\" \/>\n<meta property=\"og:url\" content=\"http:\/\/studiocreamine.fr\/index.php\/conditionnement-emballage\/\" \/>\n<meta property=\"og:site_name\" content=\"Studio Cr\u00e9amine\" \/>\n<meta property=\"article:modified_time\" content=\"2022-05-10T12:19:41+00:00\" \/>\n<meta name=\"twitter:card\" content=\"summary_large_image\" \/>\n<meta name=\"twitter:label1\" content=\"Dur\u00e9e de lecture estim\u00e9e\" \/>\n\t<meta name=\"twitter:data1\" content=\"2 minutes\" \/>\n<script type=\"application\/ld+json\" class=\"yoast-schema-graph\">{\"@context\":\"https:\/\/schema.org\",\"@graph\":[{\"@type\":\"Organization\",\"@id\":\"https:\/\/studiocreamine.fr\/#organization\",\"name\":\"Studio Cr\u00e9amine\",\"url\":\"https:\/\/studiocreamine.fr\/\",\"sameAs\":[],\"logo\":{\"@type\":\"ImageObject\",\"inLanguage\":\"fr-FR\",\"@id\":\"https:\/\/studiocreamine.fr\/#\/schema\/logo\/image\/\",\"url\":\"http:\/\/studiocreamine.fr\/wp-content\/uploads\/2022\/01\/logo-CREAMINE-site.png\",\"contentUrl\":\"http:\/\/studiocreamine.fr\/wp-content\/uploads\/2022\/01\/logo-CREAMINE-site.png\",\"width\":1851,\"height\":1337,\"caption\":\"Studio Cr\u00e9amine\"},\"image\":{\"@id\":\"https:\/\/studiocreamine.fr\/#\/schema\/logo\/image\/\"}},{\"@type\":\"WebSite\",\"@id\":\"https:\/\/studiocreamine.fr\/#website\",\"url\":\"https:\/\/studiocreamine.fr\/\",\"name\":\"Studio Cr\u00e9amine\",\"description\":\"\",\"publisher\":{\"@id\":\"https:\/\/studiocreamine.fr\/#organization\"},\"potentialAction\":[{\"@type\":\"SearchAction\",\"target\":{\"@type\":\"EntryPoint\",\"urlTemplate\":\"https:\/\/studiocreamine.fr\/?s={search_term_string}\"},\"query-input\":\"required name=search_term_string\"}],\"inLanguage\":\"fr-FR\"},{\"@type\":\"WebPage\",\"@id\":\"http:\/\/studiocreamine.fr\/index.php\/conditionnement-emballage\/#webpage\",\"url\":\"http:\/\/studiocreamine.fr\/index.php\/conditionnement-emballage\/\",\"name\":\"Conditionnement, emballage - Studio Cr\u00e9amine\",\"isPartOf\":{\"@id\":\"https:\/\/studiocreamine.fr\/#website\"},\"datePublished\":\"2022-01-27T09:48:35+00:00\",\"dateModified\":\"2022-05-10T12:19:41+00:00\",\"breadcrumb\":{\"@id\":\"http:\/\/studiocreamine.fr\/index.php\/conditionnement-emballage\/#breadcrumb\"},\"inLanguage\":\"fr-FR\",\"potentialAction\":[{\"@type\":\"ReadAction\",\"target\":[\"http:\/\/studiocreamine.fr\/index.php\/conditionnement-emballage\/\"]}]},{\"@type\":\"BreadcrumbList\",\"@id\":\"http:\/\/studiocreamine.fr\/index.php\/conditionnement-emballage\/#breadcrumb\",\"itemListElement\":[{\"@type\":\"ListItem\",\"position\":1,\"name\":\"Accueil\",\"item\":\"https:\/\/studiocreamine.fr\/\"},{\"@type\":\"ListItem\",\"position\":2,\"name\":\"Conditionnement, emballage\"}]}]}<\/script>\n<!-- \/ Yoast SEO plugin. -->","yoast_head_json":{"title":"Conditionnement, emballage - Studio Cr\u00e9amine","robots":{"index":"index","follow":"follow","max-snippet":"max-snippet:-1","max-image-preview":"max-image-preview:large","max-video-preview":"max-video-preview:-1"},"canonical":"http:\/\/studiocreamine.fr\/index.php\/conditionnement-emballage\/","og_locale":"fr_FR","og_type":"article","og_title":"Conditionnement, emballage - Studio Cr\u00e9amine","og_description":"Identit\u00e9 visuelleLe Studio Cr\u00e9amine est sp\u00e9cialis\u00e9 en cr\u00e9ation de logo. 20 ans d'exp\u00e9rience et de passion. Cr\u00e9ation Identit\u00e9 visuelle vectorielle avec pr\u00e9sentation diff\u00e9rents axes de recherche. Logo nom commercial, cr\u00e9ation d'entreprise \/ Relooking de logo Marques pour lancement de produits \/ Logo visuel \u00e9v\u00e8nement","og_url":"http:\/\/studiocreamine.fr\/index.php\/conditionnement-emballage\/","og_site_name":"Studio Cr\u00e9amine","article_modified_time":"2022-05-10T12:19:41+00:00","twitter_card":"summary_large_image","twitter_misc":{"Dur\u00e9e de lecture estim\u00e9e":"2 minutes"},"schema":{"@context":"https:\/\/schema.org","@graph":[{"@type":"Organization","@id":"https:\/\/studiocreamine.fr\/#organization","name":"Studio Cr\u00e9amine","url":"https:\/\/studiocreamine.fr\/","sameAs":[],"logo":{"@type":"ImageObject","inLanguage":"fr-FR","@id":"https:\/\/studiocreamine.fr\/#\/schema\/logo\/image\/","url":"http:\/\/studiocreamine.fr\/wp-content\/uploads\/2022\/01\/logo-CREAMINE-site.png","contentUrl":"http:\/\/studiocreamine.fr\/wp-content\/uploads\/2022\/01\/logo-CREAMINE-site.png","width":1851,"height":1337,"caption":"Studio Cr\u00e9amine"},"image":{"@id":"https:\/\/studiocreamine.fr\/#\/schema\/logo\/image\/"}},{"@type":"WebSite","@id":"https:\/\/studiocreamine.fr\/#website","url":"https:\/\/studiocreamine.fr\/","name":"Studio Cr\u00e9amine","description":"","publisher":{"@id":"https:\/\/studiocreamine.fr\/#organization"},"potentialAction":[{"@type":"SearchAction","target":{"@type":"EntryPoint","urlTemplate":"https:\/\/studiocreamine.fr\/?s={search_term_string}"},"query-input":"required name=search_term_string"}],"inLanguage":"fr-FR"},{"@type":"WebPage","@id":"http:\/\/studiocreamine.fr\/index.php\/conditionnement-emballage\/#webpage","url":"http:\/\/studiocreamine.fr\/index.php\/conditionnement-emballage\/","name":"Conditionnement, emballage - Studio Cr\u00e9amine","isPartOf":{"@id":"https:\/\/studiocreamine.fr\/#website"},"datePublished":"2022-01-27T09:48:35+00:00","dateModified":"2022-05-10T12:19:41+00:00","breadcrumb":{"@id":"http:\/\/studiocreamine.fr\/index.php\/conditionnement-emballage\/#breadcrumb"},"inLanguage":"fr-FR","potentialAction":[{"@type":"ReadAction","target":["http:\/\/studiocreamine.fr\/index.php\/conditionnement-emballage\/"]}]},{"@type":"BreadcrumbList","@id":"http:\/\/studiocreamine.fr\/index.php\/conditionnement-emballage\/#breadcrumb","itemListElement":[{"@type":"ListItem","position":1,"name":"Accueil","item":"https:\/\/studiocreamine.fr\/"},{"@type":"ListItem","position":2,"name":"Conditionnement, emballage"}]}]}},"_links":{"self":[{"href":"https:\/\/studiocreamine.fr\/index.php\/wp-json\/wp\/v2\/pages\/796"}],"collection":[{"href":"https:\/\/studiocreamine.fr\/index.php\/wp-json\/wp\/v2\/pages"}],"about":[{"href":"https:\/\/studiocreamine.fr\/index.php\/wp-json\/wp\/v2\/types\/page"}],"author":[{"embeddable":true,"href":"https:\/\/studiocreamine.fr\/index.php\/wp-json\/wp\/v2\/users\/1"}],"replies":[{"embeddable":true,"href":"https:\/\/studiocreamine.fr\/index.php\/wp-json\/wp\/v2\/comments?post=796"}],"version-history":[{"count":10,"href":"https:\/\/studiocreamine.fr\/index.php\/wp-json\/wp\/v2\/pages\/796\/revisions"}],"predecessor-version":[{"id":2346,"href":"https:\/\/studiocreamine.fr\/index.php\/wp-json\/wp\/v2\/pages\/796\/revisions\/2346"}],"wp:attachment":[{"href":"https:\/\/studiocreamine.fr\/index.php\/wp-json\/wp\/v2\/media?parent=796"}],"curies":[{"name":"wp","href":"https:\/\/api.w.org\/{rel}","templated":true}]}}