{"id":798,"date":"2022-01-27T10:48:55","date_gmt":"2022-01-27T09:48:55","guid":{"rendered":"http:\/\/studiocreamine.fr\/?page_id=798"},"modified":"2022-05-08T11:13:27","modified_gmt":"2022-05-08T09:13:27","slug":"supports-pour-salon","status":"publish","type":"page","link":"https:\/\/studiocreamine.fr\/index.php\/supports-pour-salon\/","title":{"rendered":"Supports pour salon"},"content":{"rendered":"<p>[et_pb_section fb_built=&#8221;1&#8243; _builder_version=&#8221;4.16&#8243; _module_preset=&#8221;default&#8221; custom_margin=&#8221;||0px||false|false&#8221; custom_padding=&#8221;||0px||false|false&#8221; global_colors_info=&#8221;{}&#8221;][et_pb_row _builder_version=&#8221;4.16&#8243; _module_preset=&#8221;default&#8221; min_height=&#8221;64px&#8221; global_colors_info=&#8221;{}&#8221;][et_pb_column type=&#8221;4_4&#8243; _builder_version=&#8221;4.16&#8243; _module_preset=&#8221;default&#8221; global_colors_info=&#8221;{}&#8221;][et_pb_text _builder_version=&#8221;4.16&#8243; _module_preset=&#8221;default&#8221; header_font=&#8221;Quicksand|700|||||||&#8221; header_text_color=&#8221;#f28230&#8243; header_font_size=&#8221;31px&#8221; global_colors_info=&#8221;{}&#8221;]<\/p>\n<h1>Supports pour salon<\/h1>\n<p>[\/et_pb_text][\/et_pb_column][\/et_pb_row][et_pb_row _builder_version=&#8221;4.16&#8243; _module_preset=&#8221;default&#8221; min_height=&#8221;66px&#8221; custom_margin=&#8221;0px||0px||false|false&#8221; custom_padding=&#8221;0px||0px||false|false&#8221; global_colors_info=&#8221;{}&#8221;][et_pb_column type=&#8221;4_4&#8243; _builder_version=&#8221;4.16&#8243; _module_preset=&#8221;default&#8221; global_colors_info=&#8221;{}&#8221;][et_pb_text _builder_version=&#8221;4.17.3&#8243; _module_preset=&#8221;default&#8221; header_4_font=&#8221;Quicksand||||||||&#8221; header_4_text_color=&#8221;#838487&#8243; header_4_font_size=&#8221;22px&#8221; scroll_horizontal_motion=&#8221;0|75|75|100|4|0|-4&#8243; hover_enabled=&#8221;0&#8243; global_colors_info=&#8221;{}&#8221; sticky_enabled=&#8221;0&#8243;]<\/p>\n<h4>Cr\u00e9ation et r\u00e9alisation de roll up (2m de haut), de stand parapluie (2x2m, 3x2m,&#8230;), de comptoir personnalis\u00e9,\u00a0de totem avec visuel magn\u00e9tique interchangeable, de totem m\u00e9tallique avec \u00e9cran tactile, &#8230;<\/h4>\n<p>[\/et_pb_text][\/et_pb_column][\/et_pb_row][\/et_pb_section][et_pb_section fb_built=&#8221;1&#8243; _builder_version=&#8221;4.16&#8243; _module_preset=&#8221;default&#8221; custom_margin=&#8221;0px||||false|false&#8221; custom_padding=&#8221;10px||||false|false&#8221; global_colors_info=&#8221;{}&#8221;][et_pb_row _builder_version=&#8221;4.16&#8243; _module_preset=&#8221;default&#8221; min_height=&#8221;479px&#8221; global_colors_info=&#8221;{}&#8221;][et_pb_column type=&#8221;4_4&#8243; _builder_version=&#8221;4.16&#8243; _module_preset=&#8221;default&#8221; global_colors_info=&#8221;{}&#8221;][dsm_image_carousel gallery_ids=&#8221;1909,1910,1911,1912,1913,1914&#8243; slide_to_show=&#8221;1&#8243; speed=&#8221;681&#8243; autoplay=&#8221;off&#8221; space_between=&#8221;100&#8243; infinite=&#8221;off&#8221; grab=&#8221;off&#8221; arrow_color=&#8221;#000000&#8243; arrow_background_color=&#8221;#FFFFFF&#8221; _builder_version=&#8221;4.16&#8243; _module_preset=&#8221;default&#8221; custom_padding=&#8221;17px||17px||false|false&#8221; global_colors_info=&#8221;{}&#8221;][\/dsm_image_carousel][\/et_pb_column][\/et_pb_row][\/et_pb_section]<\/p>\n","protected":false},"excerpt":{"rendered":"<p>Supports pour salonCr\u00e9ation et r\u00e9alisation de roll up (2m de haut), de stand parapluie (2x2m, 3x2m,&#8230;), de comptoir personnalis\u00e9,\u00a0de totem avec visuel magn\u00e9tique interchangeable, de totem m\u00e9tallique avec \u00e9cran tactile, &#8230;<div class=\"et_pb_module dsm_image_carousel dsm_image_carousel_0  dsm_image_carousel_arrow_outside dsm_image_carousel_arrow_mobile_inside \">\n\t\t\t\t\n\t\t\t\t\n\t\t\t\t\n\t\t\t\t\n\t\t\t\t\n\t\t\t\t\n\t\t\t\t<div class=\"et_pb_module_inner\">\n\t\t\t\t\t<div class=\"swiper-container dsm_image_carousel_container\" dir=\"ltr\" data-params=[{\"effect\":\"default\",\"slider_effect_shadows\":false,\"slider_effect_coverflow_rotate\":\"30\",\"slider_effect_coverflow_depth\":\"0\",\"loop\":false,\"slide_to_show\":\"1\",\"slide_to_show_tablet\":\"1\",\"slide_to_show_phone\":\"1\",\"slide_to_scroll\":\"1\",\"slide_to_scroll_tablet\":\"1\",\"slide_to_scroll_phone\":\"1\",\"space_between\":\"100\",\"space_between_tablet\":\"100\",\"space_between_phone\":\"100\",\"slide_row\":\"1\",\"centered_slides\":false,\"speed\":\"681\",\"autoplay\":false,\"autoplay_speed\":\"3000\",\"touch_move\":true,\"grab\":false,\"pause_on_hover\":false,\"show_lightbox\":false,\"lightbox_gallery\":\"false\",\"lightbox_caption\":\"false\",\"infinite_scrolling\":\"false\"}]><div class=\"swiper-wrapper\"><div class=\"swiper-slide dsm_image_carousel_item\"><img src=\"https:\/\/studiocreamine.fr\/wp-content\/uploads\/2022\/02\/1_stand-Boisup-Sidesup-1.jpg\" data-src=\"https:\/\/studiocreamine.fr\/wp-content\/uploads\/2022\/02\/1_stand-Boisup-Sidesup-1.jpg\" width=\"999\" height=\"749\" class=\"swiper-lazy\" title=\"1_stand Boisup-Sidesup\" \/><\/div><div class=\"swiper-slide dsm_image_carousel_item\"><img src=\"https:\/\/studiocreamine.fr\/wp-content\/uploads\/2022\/02\/2_IMG_7216-2.jpg\" data-src=\"https:\/\/studiocreamine.fr\/wp-content\/uploads\/2022\/02\/2_IMG_7216-2.jpg\" width=\"999\" height=\"749\" class=\"swiper-lazy\" title=\"2_IMG_7216\" \/><\/div><div class=\"swiper-slide dsm_image_carousel_item\"><img src=\"https:\/\/studiocreamine.fr\/wp-content\/uploads\/2022\/02\/3_STAND-PL2-1.jpg\" data-src=\"https:\/\/studiocreamine.fr\/wp-content\/uploads\/2022\/02\/3_STAND-PL2-1.jpg\" width=\"999\" height=\"749\" class=\"swiper-lazy\" title=\"3_STAND PL2\" \/><\/div><div class=\"swiper-slide dsm_image_carousel_item\"><img src=\"https:\/\/studiocreamine.fr\/wp-content\/uploads\/2022\/02\/4_A5022CB1-077A2-copie-1.jpg\" data-src=\"https:\/\/studiocreamine.fr\/wp-content\/uploads\/2022\/02\/4_A5022CB1-077A2-copie-1.jpg\" width=\"999\" height=\"749\" class=\"swiper-lazy\" title=\"4_A5022CB1-077A2 copie\" \/><\/div><div class=\"swiper-slide dsm_image_carousel_item\"><img src=\"https:\/\/studiocreamine.fr\/wp-content\/uploads\/2022\/02\/5_DSC_0127_2-2.jpg\" data-src=\"https:\/\/studiocreamine.fr\/wp-content\/uploads\/2022\/02\/5_DSC_0127_2-2.jpg\" width=\"999\" height=\"749\" class=\"swiper-lazy\" title=\"5_DSC_0127_2\" \/><\/div><div class=\"swiper-slide dsm_image_carousel_item\"><img src=\"https:\/\/studiocreamine.fr\/wp-content\/uploads\/2022\/02\/6_roll-up-SITOMAP-1.jpg\" data-src=\"https:\/\/studiocreamine.fr\/wp-content\/uploads\/2022\/02\/6_roll-up-SITOMAP-1.jpg\" width=\"562\" height=\"749\" class=\"swiper-lazy\" title=\"6_roll up - SITOMAP\" \/><\/div><\/div><\/div><div class=\"swiper-button-prev\"><\/div><div class=\"swiper-button-next\"><\/div><div class=\"swiper-pagination\"><\/div>\n\t\t\t\t<\/div>\n\t\t\t<\/div><\/p>\n","protected":false},"author":1,"featured_media":0,"parent":0,"menu_order":0,"comment_status":"closed","ping_status":"closed","template":"","meta":{"_et_pb_use_builder":"on","_et_pb_old_content":"<!-- wp:divi\/placeholder \/-->","_et_gb_content_width":""},"yoast_head":"<!-- This site is optimized with the Yoast SEO plugin v18.8 - https:\/\/yoast.com\/wordpress\/plugins\/seo\/ -->\n<title>Supports pour salon - Studio Cr\u00e9amine<\/title>\n<meta name=\"robots\" content=\"index, follow, max-snippet:-1, max-image-preview:large, max-video-preview:-1\" \/>\n<link rel=\"canonical\" href=\"http:\/\/studiocreamine.fr\/index.php\/supports-pour-salon\/\" \/>\n<meta property=\"og:locale\" content=\"fr_FR\" \/>\n<meta property=\"og:type\" content=\"article\" \/>\n<meta property=\"og:title\" content=\"Supports pour salon - Studio Cr\u00e9amine\" \/>\n<meta property=\"og:description\" content=\"Identit\u00e9 visuelleLe Studio Cr\u00e9amine est sp\u00e9cialis\u00e9 en cr\u00e9ation de logo. 20 ans d&#039;exp\u00e9rience et de passion. Cr\u00e9ation Identit\u00e9 visuelle vectorielle avec pr\u00e9sentation diff\u00e9rents axes de recherche. Logo nom commercial, cr\u00e9ation d&#039;entreprise \/ Relooking de logo Marques pour lancement de produits \/ Logo visuel \u00e9v\u00e8nement\" \/>\n<meta property=\"og:url\" content=\"http:\/\/studiocreamine.fr\/index.php\/supports-pour-salon\/\" \/>\n<meta property=\"og:site_name\" content=\"Studio Cr\u00e9amine\" \/>\n<meta property=\"article:modified_time\" content=\"2022-05-08T09:13:27+00:00\" \/>\n<meta name=\"twitter:card\" content=\"summary_large_image\" \/>\n<meta name=\"twitter:label1\" content=\"Dur\u00e9e de lecture estim\u00e9e\" \/>\n\t<meta name=\"twitter:data1\" content=\"1 minute\" \/>\n<script type=\"application\/ld+json\" class=\"yoast-schema-graph\">{\"@context\":\"https:\/\/schema.org\",\"@graph\":[{\"@type\":\"Organization\",\"@id\":\"https:\/\/studiocreamine.fr\/#organization\",\"name\":\"Studio Cr\u00e9amine\",\"url\":\"https:\/\/studiocreamine.fr\/\",\"sameAs\":[],\"logo\":{\"@type\":\"ImageObject\",\"inLanguage\":\"fr-FR\",\"@id\":\"https:\/\/studiocreamine.fr\/#\/schema\/logo\/image\/\",\"url\":\"http:\/\/studiocreamine.fr\/wp-content\/uploads\/2022\/01\/logo-CREAMINE-site.png\",\"contentUrl\":\"http:\/\/studiocreamine.fr\/wp-content\/uploads\/2022\/01\/logo-CREAMINE-site.png\",\"width\":1851,\"height\":1337,\"caption\":\"Studio Cr\u00e9amine\"},\"image\":{\"@id\":\"https:\/\/studiocreamine.fr\/#\/schema\/logo\/image\/\"}},{\"@type\":\"WebSite\",\"@id\":\"https:\/\/studiocreamine.fr\/#website\",\"url\":\"https:\/\/studiocreamine.fr\/\",\"name\":\"Studio Cr\u00e9amine\",\"description\":\"\",\"publisher\":{\"@id\":\"https:\/\/studiocreamine.fr\/#organization\"},\"potentialAction\":[{\"@type\":\"SearchAction\",\"target\":{\"@type\":\"EntryPoint\",\"urlTemplate\":\"https:\/\/studiocreamine.fr\/?s={search_term_string}\"},\"query-input\":\"required name=search_term_string\"}],\"inLanguage\":\"fr-FR\"},{\"@type\":\"WebPage\",\"@id\":\"http:\/\/studiocreamine.fr\/index.php\/supports-pour-salon\/#webpage\",\"url\":\"http:\/\/studiocreamine.fr\/index.php\/supports-pour-salon\/\",\"name\":\"Supports pour salon - Studio Cr\u00e9amine\",\"isPartOf\":{\"@id\":\"https:\/\/studiocreamine.fr\/#website\"},\"datePublished\":\"2022-01-27T09:48:55+00:00\",\"dateModified\":\"2022-05-08T09:13:27+00:00\",\"breadcrumb\":{\"@id\":\"http:\/\/studiocreamine.fr\/index.php\/supports-pour-salon\/#breadcrumb\"},\"inLanguage\":\"fr-FR\",\"potentialAction\":[{\"@type\":\"ReadAction\",\"target\":[\"http:\/\/studiocreamine.fr\/index.php\/supports-pour-salon\/\"]}]},{\"@type\":\"BreadcrumbList\",\"@id\":\"http:\/\/studiocreamine.fr\/index.php\/supports-pour-salon\/#breadcrumb\",\"itemListElement\":[{\"@type\":\"ListItem\",\"position\":1,\"name\":\"Accueil\",\"item\":\"https:\/\/studiocreamine.fr\/\"},{\"@type\":\"ListItem\",\"position\":2,\"name\":\"Supports pour salon\"}]}]}<\/script>\n<!-- \/ Yoast SEO plugin. -->","yoast_head_json":{"title":"Supports pour salon - Studio Cr\u00e9amine","robots":{"index":"index","follow":"follow","max-snippet":"max-snippet:-1","max-image-preview":"max-image-preview:large","max-video-preview":"max-video-preview:-1"},"canonical":"http:\/\/studiocreamine.fr\/index.php\/supports-pour-salon\/","og_locale":"fr_FR","og_type":"article","og_title":"Supports pour salon - Studio Cr\u00e9amine","og_description":"Identit\u00e9 visuelleLe Studio Cr\u00e9amine est sp\u00e9cialis\u00e9 en cr\u00e9ation de logo. 20 ans d'exp\u00e9rience et de passion. Cr\u00e9ation Identit\u00e9 visuelle vectorielle avec pr\u00e9sentation diff\u00e9rents axes de recherche. Logo nom commercial, cr\u00e9ation d'entreprise \/ Relooking de logo Marques pour lancement de produits \/ Logo visuel \u00e9v\u00e8nement","og_url":"http:\/\/studiocreamine.fr\/index.php\/supports-pour-salon\/","og_site_name":"Studio Cr\u00e9amine","article_modified_time":"2022-05-08T09:13:27+00:00","twitter_card":"summary_large_image","twitter_misc":{"Dur\u00e9e de lecture estim\u00e9e":"1 minute"},"schema":{"@context":"https:\/\/schema.org","@graph":[{"@type":"Organization","@id":"https:\/\/studiocreamine.fr\/#organization","name":"Studio Cr\u00e9amine","url":"https:\/\/studiocreamine.fr\/","sameAs":[],"logo":{"@type":"ImageObject","inLanguage":"fr-FR","@id":"https:\/\/studiocreamine.fr\/#\/schema\/logo\/image\/","url":"http:\/\/studiocreamine.fr\/wp-content\/uploads\/2022\/01\/logo-CREAMINE-site.png","contentUrl":"http:\/\/studiocreamine.fr\/wp-content\/uploads\/2022\/01\/logo-CREAMINE-site.png","width":1851,"height":1337,"caption":"Studio Cr\u00e9amine"},"image":{"@id":"https:\/\/studiocreamine.fr\/#\/schema\/logo\/image\/"}},{"@type":"WebSite","@id":"https:\/\/studiocreamine.fr\/#website","url":"https:\/\/studiocreamine.fr\/","name":"Studio Cr\u00e9amine","description":"","publisher":{"@id":"https:\/\/studiocreamine.fr\/#organization"},"potentialAction":[{"@type":"SearchAction","target":{"@type":"EntryPoint","urlTemplate":"https:\/\/studiocreamine.fr\/?s={search_term_string}"},"query-input":"required name=search_term_string"}],"inLanguage":"fr-FR"},{"@type":"WebPage","@id":"http:\/\/studiocreamine.fr\/index.php\/supports-pour-salon\/#webpage","url":"http:\/\/studiocreamine.fr\/index.php\/supports-pour-salon\/","name":"Supports pour salon - Studio Cr\u00e9amine","isPartOf":{"@id":"https:\/\/studiocreamine.fr\/#website"},"datePublished":"2022-01-27T09:48:55+00:00","dateModified":"2022-05-08T09:13:27+00:00","breadcrumb":{"@id":"http:\/\/studiocreamine.fr\/index.php\/supports-pour-salon\/#breadcrumb"},"inLanguage":"fr-FR","potentialAction":[{"@type":"ReadAction","target":["http:\/\/studiocreamine.fr\/index.php\/supports-pour-salon\/"]}]},{"@type":"BreadcrumbList","@id":"http:\/\/studiocreamine.fr\/index.php\/supports-pour-salon\/#breadcrumb","itemListElement":[{"@type":"ListItem","position":1,"name":"Accueil","item":"https:\/\/studiocreamine.fr\/"},{"@type":"ListItem","position":2,"name":"Supports pour salon"}]}]}},"_links":{"self":[{"href":"https:\/\/studiocreamine.fr\/index.php\/wp-json\/wp\/v2\/pages\/798"}],"collection":[{"href":"https:\/\/studiocreamine.fr\/index.php\/wp-json\/wp\/v2\/pages"}],"about":[{"href":"https:\/\/studiocreamine.fr\/index.php\/wp-json\/wp\/v2\/types\/page"}],"author":[{"embeddable":true,"href":"https:\/\/studiocreamine.fr\/index.php\/wp-json\/wp\/v2\/users\/1"}],"replies":[{"embeddable":true,"href":"https:\/\/studiocreamine.fr\/index.php\/wp-json\/wp\/v2\/comments?post=798"}],"version-history":[{"count":13,"href":"https:\/\/studiocreamine.fr\/index.php\/wp-json\/wp\/v2\/pages\/798\/revisions"}],"predecessor-version":[{"id":2247,"href":"https:\/\/studiocreamine.fr\/index.php\/wp-json\/wp\/v2\/pages\/798\/revisions\/2247"}],"wp:attachment":[{"href":"https:\/\/studiocreamine.fr\/index.php\/wp-json\/wp\/v2\/media?parent=798"}],"curies":[{"name":"wp","href":"https:\/\/api.w.org\/{rel}","templated":true}]}}